{"id":18,"date":"2016-02-15T17:30:20","date_gmt":"2016-02-15T16:30:20","guid":{"rendered":"http:\/\/www.novacos-law.com\/de\/?page_id=18"},"modified":"2023-03-28T11:04:29","modified_gmt":"2023-03-28T09:04:29","slug":"impressum","status":"publish","type":"page","link":"https:\/\/www.novacos-law.com\/de\/impressum\/","title":{"rendered":"Impressum"},"content":{"rendered":"<h1>Impressum<\/h1>\n<p>Angaben nach \u00a7 5 TMG und \u00a7 18 MStV:<\/p>\n<h3>NOVACOS Rechtsanw\u00e4lte (&#8222;NOVACOS&#8220;)<\/h3>\n<h4>Heil\u00a0\u2022 H\u00fcbner\u00a0\u2022 Natz\u00a0\u2022 Oeben \u2022 Stallberg Partnerschaft mbB<\/h4>\n<p>Schadowplatz 12<br \/>\n40212 D\u00fcsseldorf<\/p>\n<p>Telefon: +49 211\u00a09099 3600<br \/>\nTelefax: +49 211 9099 3699<br \/>\nE-Mail: info@novacos-law.com<\/p>\n<p>Sitz der Partnerschaft: D\u00fcsseldorf<br \/>\nRegistergericht: Amtsgericht Essen<br \/>\nRegisternummer: PR 3581<br \/>\nUSt-IdNr.:\u00a0DE305310198<br \/>\nSteuernummer des Finanzamts D\u00fcsseldort Altstadt: 133\/5730\/1926<\/p>\n<h3>Im Partnerschaftsregister eingetragene Partner sind:<\/h3>\n<p>Rechtsanw\u00e4ltin Maria Heil, M.C.L.<br \/>\nRechtsanwalt Christian H\u00fcbner<br \/>\nRechtsanwalt Dr. Alexander Natz, LL.M<br \/>\nRechtsanwalt Dr. Marc Oeben, LL.M<br \/>\nRechtsanwalt Dr. Christian Stallberg, LL.M<\/p>\n<h3>Berufsbezeichnung und zust\u00e4ndige Rechtsanwaltskammer:<\/h3>\n<p>Die Rechtsanw\u00e4lte Maria Heil, Christian H\u00fcbner, Dr. Alexander Natz, Dr. Marc Oeben und Dr.Christian Stallberg sind nach dem Recht der Bundesrepublik Deutschland zur Rechtsanwaltschaft zugelassen und f\u00fchren die Berufsbezeichnung &#8222;Rechtsanwalt&#8220;. Sie geh\u00f6ren der nachfolgenden Rechtsanwaltskammer an:<\/p>\n<p>Rechtsanwaltskammer D\u00fcsseldorf<br \/>\nFreiligrathstra\u00dfe 25<br \/>\n40479 D\u00fcsseldorf<br \/>\nTelefon: +49 211 495020<br \/>\nTelefax: +49 211 4950228<\/p>\n<h3>Berufshaftpflichtversicherung:<\/h3>\n<p>Die Partnerschaft unterh\u00e4lt eine Berufshaftpflichtversicherung bei der AXA Versicherung AG, Colonia-Allee 10-20, 51067 K\u00f6ln. Die Versicherungsnummer lautet: 60269200832.<\/p>\n<p>Als Partnerschaft mit beschr\u00e4nkter Berufshaftung (mbB) sind wir gem\u00e4\u00df \u00a7 51a Abs. 1 und 2 BRAO verpflichtet, eine Berufshaftpflichtversicherung mit einer Mindestversicherungssumme von EUR 2.500.000 f\u00fcr jeden Versicherungsfall und einer H\u00f6chstleistung f\u00fcr alle innerhalb eines Versicherungsjahres verursachten Sch\u00e4den von mindestens dem Betrag der Mindestversicherungssumme vervielfacht mit der Zahl der Partner, mindestens jedoch dem vierfachen Betrag der Mindestversicherungssumme, also EUR 10.000.000, zu unterhalten.<\/p>\n<h3>Berufsrechtliche Regelungen und Geb\u00fchrenordnungen:<\/h3>\n<p>Es gelten die folgenden berufsrechtlichen Regelungen:<\/p>\n<ul>\n<li>BRAO &#8211; Bundesrechtsanwaltsordnung<\/li>\n<li>BORA &#8211; Berufsordnung f\u00fcr Rechtsanw\u00e4lte, Fachanwaltsordnung<\/li>\n<li>BRAGO &#8211; Bundesgeb\u00fchrenordnung f\u00fcr Rechtsanw\u00e4lte<\/li>\n<li>RVG \u2013 Rechtsanwaltsverg\u00fctungsgesetz<\/li>\n<li>CCBE &#8211; Berufsregeln der Rechtsanw\u00e4lte der Europ\u00e4ischen Gemeinschaft<\/li>\n<li>EuRAG &#8211; Gesetz \u00fcber die T\u00e4tigkeit europ\u00e4ischer Rechtsanw\u00e4lte in Deutschland &#8211; Law Implementing the Directives of the European Community pertaining to the professional law regulating the legal profession<\/li>\n<\/ul>\n<p>Auf den Internetseiten der Bundesrechtsanwaltskammer finden Sie die Inhalte der vorstehenden Regelungen (unter <a href=\"http:\/\/www.brak.de\">www.brak.de<\/a> in der Rubrik &#8222;Berufsrecht&#8220;).<\/p>\n<h3>Honorare:<\/h3>\n<p>Wir werden grunds\u00e4tzlich auf Basis von Honorarvereinbarungen t\u00e4tig. Einzelheiten stellen wir Ihnen gerne in einem pers\u00f6nlichen Gespr\u00e4ch vor.<\/p>\n<h3>Haftungsausschluss:<\/h3>\n<p>Dieser Internetauftritt der NOVACOS Rechtsanw\u00e4lte dient der allgemeinen Information und soll ausdr\u00fccklich keine rechtliche Beratung darstellen. Wir \u00fcbernehmen trotz sorgf\u00e4ltiger Pr\u00fcfung keine Gew\u00e4hr f\u00fcr die Richtigkeit, Vollst\u00e4ndigkeit und Aktualit\u00e4t der als Teil unseres Internetauftritts dargestellten Inhalte.<\/p>\n<p>F\u00fcr externe Links, die von unserem Internetauftritt auf Seiten anderer Anbieter im Internet f\u00fchren, gilt Folgendes:<\/p>\n<p>Die Inhalte externer Links werden von uns nicht gepr\u00fcft. NOVACOS Rechtsanw\u00e4lte hat keinerlei Einfluss auf die Gestaltung und die Inhalte der mit der Internetseite www.novacos-law.com verbundenen Internetseiten von Drittanbietern. Wir distanzieren uns daher von allen Inhalten der mit unserem Internetauftritt verbundenen Internetseiten von Drittanbietern. Die Inhalte solcher Internetseiten unterliegen der Haftung der jeweiligen Anbieter.<\/p>\n<h3>Urheberrecht:<\/h3>\n<p>Alle auf dieser Website ver\u00f6ffentlichten Beitr\u00e4ge und Abbildungen sind urheberrechtlich gesch\u00fctzt. Jede vom Urheberrechtsgesetz nicht zugelassene Verwertung bedarf der vorherigen schriftlichen Zustimmung durch NOVACOS Rechtsanw\u00e4lte.<\/p>\n<h3>Anwendbares Recht:<\/h3>\n<p>Die Inhalte dieser Website sowie etwaige Streitigkeiten im Zusammenhang mit deren Nutzung unterliegen allein dem Recht der Bundesrepublik Deutschland.<\/p>\n<h3>Bildernachweis<\/h3>\n<p>\u2022 Lukas Sembera \/ Adobe Stock (Startseite Hofgarten D\u00fcsseldorf)<br \/>\n\u2022 makieni \/ Adobe Stock (Startseite Pillen)<br \/>\n\u2022 tommyp88 \/ Adobe Stock (Startseite Spiegelung D\u00fcsseldorf)<br \/>\n\u2022 segment73 \/photocase.com (Seite Was wir machen)<br \/>\n\u2022 Eisenhart \/ Adobe Stock (Seite News\/Publikationen)<\/p>\n<h3>Design &amp; Umsetzung:<\/h3>\n<p><a href=\"http:\/\/www.72dpi.de\">72dpi netzb\u00fcro<\/a>, Oliver Hulisz<br \/>\nE-Mail: <a href=\"mailto:hello@72dpi.de\">hello@72dpi.de<\/a><\/p>\n","protected":false},"excerpt":{"rendered":"<p>Impressum Angaben nach \u00a7 5 TMG und \u00a7 18 MStV: NOVACOS Rechtsanw\u00e4lte (&#8222;NOVACOS&#8220;) Heil\u00a0\u2022 H\u00fcbner\u00a0\u2022 Natz\u00a0\u2022 Oeben \u2022 Stallberg Partnerschaft mbB Schadowplatz 12 40212 D\u00fcsseldorf Telefon: +49 211\u00a09099 3600 Telefax: +49 211 9099 3699 E-Mail: info@novacos-law.com Sitz der Partnerschaft: D\u00fcsseldorf Registergericht: Amtsgericht Essen Registernummer: PR 3581 USt-IdNr.:\u00a0DE305310198 Steuernummer des Finanzamts D\u00fcsseldort Altstadt: 133\/5730\/1926 Im Partnerschaftsregister [&hellip;]<\/p>\n","protected":false},"author":1,"featured_media":0,"parent":0,"menu_order":7,"comment_status":"closed","ping_status":"closed","template":"","meta":{"_acf_changed":false,"footnotes":""},"class_list":["post-18","page","type-page","status-publish","hentry"],"acf":[],"aioseo_notices":[],"_links":{"self":[{"href":"https:\/\/www.novacos-law.com\/de\/wp-json\/wp\/v2\/pages\/18","targetHints":{"allow":["GET"]}}],"collection":[{"href":"https:\/\/www.novacos-law.com\/de\/wp-json\/wp\/v2\/pages"}],"about":[{"href":"https:\/\/www.novacos-law.com\/de\/wp-json\/wp\/v2\/types\/page"}],"author":[{"embeddable":true,"href":"https:\/\/www.novacos-law.com\/de\/wp-json\/wp\/v2\/users\/1"}],"replies":[{"embeddable":true,"href":"https:\/\/www.novacos-law.com\/de\/wp-json\/wp\/v2\/comments?post=18"}],"version-history":[{"count":0,"href":"https:\/\/www.novacos-law.com\/de\/wp-json\/wp\/v2\/pages\/18\/revisions"}],"wp:attachment":[{"href":"https:\/\/www.novacos-law.com\/de\/wp-json\/wp\/v2\/media?parent=18"}],"curies":[{"name":"wp","href":"https:\/\/api.w.org\/{rel}","templated":true}]}}