{"id":21,"date":"2016-02-16T16:39:05","date_gmt":"2016-02-16T15:39:05","guid":{"rendered":"http:\/\/www.novacos-law.com\/de\/?page_id=21"},"modified":"2020-12-02T16:14:52","modified_gmt":"2020-12-02T15:14:52","slug":"maria-heil","status":"publish","type":"page","link":"https:\/\/www.novacos-law.com\/de\/wer-wir-sind\/maria-heil\/","title":{"rendered":"Maria Heil"},"content":{"rendered":"<p>Maria Heil ber\u00e4t\u00a0Mandanten der pharmazeutischen, biotechnologischen und Medizintechnologie-Industrie in allen rechtlichen Fragen im Zusammenhang mit der Entwicklung, der Herstellung, des Designs und der Vermarktung ihrer Produkte.<\/p>\n<p>Einen besonderen Schwerpunkt ihrer T\u00e4tigkeit bildet die Beratung zu regulatorischen, kostenerstattungs\u00adrechtlichen und datenschutzrechtlichen Fragestellungen sowie die Gestaltung von \u00a0Vertr\u00e4gen vor dem Hintergrund der regulatorischen Besonderheiten im Gesundheitsbereich (z. B. klinische Pr\u00fcfvertr\u00e4ge, Verantwortungs\u00adabgrenzungsvertr\u00e4ge, Lohnherstellervertr\u00e4ge etc.). Daneben vertritt Maria Heil Mandanten bei der rechtlichen Gestaltung und Bewertung von Kooperationsbeziehungen mit medizinischen Einrichtungen und \u00c4rzten sowie der Erarbeitung und Implementierung betrieblicher Handlungsanweisungen (&#8222;Compliance Programme&#8220;), Durchf\u00fchrung von Compliance-Audits sowie bei Verfahren zu potentiellen Verletzungen von Industrie-Kodizes. Auch verf\u00fcgt sie \u00fcber langj\u00e4hrige Erfahrung bei der Beratung von Strategen, Finanzinvestoren und Banken bei nationalen und grenz\u00fcberschreitenden M&amp;A-Projekten im Zusammenhang mit den sektorspezifischen Besonderheiten der Transaktionen.<\/p>\n<p>Neben der Pharma- und Medizinprodukteindustrie geh\u00f6ren auch Einrichtungen des Gesundheitswesens (Krankenh\u00e4user, Pflegeheime, Medizinische Versorgungszentren etc.) zum Mandantenkreis von Maria Heil.<\/p>\n<p>Nach ihrem juristischen Studium an der Universit\u00e4t Mannheim und dem Erwerb des Master of Comparative Laws (M.C.L.) an den Universit\u00e4ten Mannheim und Adelaide (AUS), absolvierte Maria Heil ihr Referendariat am LG Mannheim mit Stationen u.a. bei einer internationalen Wirtschaftskanzlei im Gewerblichen Rechtsschutz sowie beim deutschen Generalkonsulat in Melbourne. Seit ihrer Zulassung als Rechtsanw\u00e4ltin im Jahr 2004 war Maria Heil \u00fcber 11 Jahre bei der internationalen Wirtschaftskanzlei Clifford Chance im Bereich &#8222;Healthcare, Life Sciences &amp; Chemicals&#8220; t\u00e4tig.<\/p>\n<p>Maria Heil ist externes Mitglied des FBLL (Fachbereich ffc Leistungserbringer) des BVMed sowie Mitglied der Schriftleitung der Zeitschrift MPR (Medizinprodukterecht). Dar\u00fcber hinaus ist sie Autorin zahlreicher Fachver\u00f6ffentlichungen \u00a0in den von\u00a0ihr betreuten Rechtsgebieten und regelm\u00e4\u00dfige Referentin bei Veranstaltungen und Fortbildungsseminaren.<\/p>\n","protected":false},"excerpt":{"rendered":"<p>Maria Heil ber\u00e4t\u00a0Mandanten der pharmazeutischen, biotechnologischen und Medizintechnologie-Industrie in allen rechtlichen Fragen im Zusammenhang mit der Entwicklung, der Herstellung, des Designs und der Vermarktung ihrer Produkte. Einen besonderen Schwerpunkt ihrer T\u00e4tigkeit bildet die Beratung zu regulatorischen, kostenerstattungs\u00adrechtlichen und datenschutzrechtlichen Fragestellungen sowie die Gestaltung von \u00a0Vertr\u00e4gen vor dem Hintergrund der regulatorischen Besonderheiten im Gesundheitsbereich (z. B. [&hellip;]<\/p>\n","protected":false},"author":1,"featured_media":0,"parent":39,"menu_order":1,"comment_status":"closed","ping_status":"closed","template":"page-teammember.php","meta":{"_acf_changed":false,"footnotes":""},"class_list":["post-21","page","type-page","status-publish","hentry"],"acf":[],"aioseo_notices":[],"_links":{"self":[{"href":"https:\/\/www.novacos-law.com\/de\/wp-json\/wp\/v2\/pages\/21","targetHints":{"allow":["GET"]}}],"collection":[{"href":"https:\/\/www.novacos-law.com\/de\/wp-json\/wp\/v2\/pages"}],"about":[{"href":"https:\/\/www.novacos-law.com\/de\/wp-json\/wp\/v2\/types\/page"}],"author":[{"embeddable":true,"href":"https:\/\/www.novacos-law.com\/de\/wp-json\/wp\/v2\/users\/1"}],"replies":[{"embeddable":true,"href":"https:\/\/www.novacos-law.com\/de\/wp-json\/wp\/v2\/comments?post=21"}],"version-history":[{"count":0,"href":"https:\/\/www.novacos-law.com\/de\/wp-json\/wp\/v2\/pages\/21\/revisions"}],"up":[{"embeddable":true,"href":"https:\/\/www.novacos-law.com\/de\/wp-json\/wp\/v2\/pages\/39"}],"wp:attachment":[{"href":"https:\/\/www.novacos-law.com\/de\/wp-json\/wp\/v2\/media?parent=21"}],"curies":[{"name":"wp","href":"https:\/\/api.w.org\/{rel}","templated":true}]}}