{"id":22,"date":"2016-02-16T16:39:38","date_gmt":"2016-02-16T15:39:38","guid":{"rendered":"http:\/\/www.novacos-law.com\/de\/?page_id=22"},"modified":"2023-10-26T11:04:36","modified_gmt":"2023-10-26T09:04:36","slug":"christian-huebner","status":"publish","type":"page","link":"https:\/\/www.novacos-law.com\/de\/wer-wir-sind\/christian-huebner\/","title":{"rendered":"Christian H\u00fcbner"},"content":{"rendered":"<p>Christian H\u00fcbner ist Gr\u00fcndungspartner von NOVACOS und spezialisiert auf die umfassende rechtliche Beratung im Gesundheitswesen, insbesondere von Pharma- und Medizinprodukteunternehmen.<\/p>\n<p>Er ber\u00e4t Unternehmen aus dem Gesundheitssektor sowie Investoren\u00a0in Bezug auf branchenspezifische regulatorische, vertragsrechtliche, werberechtliche und vertriebsrechtliche Fragen, auch im Rahmen nationaler und grenz\u00fcberschreitender M&amp;A-Projekte, Umstrukturierungen und Kooperationen. Neben den Gebieten\u00a0Arzneimittelrecht und Heilmittelwerberecht bilden die\u00a0sektorspezifische Vertragsgestaltung und die Transaktions\u00adberatung Schwerpunkte seiner T\u00e4tigkeit.<\/p>\n<p>Im Bereich Healthcare und Life Sciences wird Herr H\u00fcbner von dem renommierten internationalen Magazin The Legal 500 wiederholt als empfohlener Anwalt gef\u00fchrt,\u00a0wobei seine &#8222;<em>besonders guten Kenntnisse der Rechtslage im Gesundheitswesen, sein hohes Serviceniveau und seine schnellen Reaktionszeiten<\/em>&#8220; hervorgehoben werden. Auch das JUVE Handbuch f\u00fchrt Herrn H\u00fcbner kontinuierlich als oft empfohlenen Anwalt, der &#8222;<em>l\u00f6sungsorientiert, pragmatisch, guter Verhandler<\/em>&#8222;, &#8222;<em>hervorragender Stratege<\/em>&#8220; und &#8222;<em>versierter Prozessrechtler<\/em>&#8220; ist (so Wettbewerber). In der Ausgabe 2020\/2021 des JUVE Handbuchs wurde Herr H\u00fcbner als einer von vier Aufsteigern im Gesundheitswesen hervorgehoben.<\/p>\n<p>Herr H\u00fcbner studierte an der Universit\u00e4t Marburg Rechtswissenschaften und absolvierte ebenfalls das dortige Zusatzstudium im Pharmarecht. Sein Referendariat absolvierte er bei dem Landgericht Wuppertal mit Stationen u. a. bei einer internationalen Gro\u00dfkanzlei, der Deutschen Botschaft Tokio, der Rechtsabteilung der Franz Haniel &amp; Cie. GmbH sowie einem Notariat.<\/p>\n<p>Nach seiner Zulassung als Rechtsanwalt im Jahr 2010 war er f\u00fcr mehr als f\u00fcnf Jahre als Rechtsanwalt in den Bereichen &#8222;Corporate\/\u00adM&amp;A&#8220; sowie \u201cHealthcare, Life Sciences &amp; Chemicals\u201d der internationalen Gro\u00dfkanzlei Clifford Chance in D\u00fcsseldorf t\u00e4tig, bevor er im April 2016 NOVACOS gr\u00fcndete. Vor seiner Arbeit bei Clifford Chance war Herr H\u00fcbner u. a. als Vorstandsassistent bei einer mittelst\u00e4ndischen Investment-Holding in K\u00f6ln und London t\u00e4tig.<\/p>\n<p>Herr H\u00fcbner ist Mitglied der Deutsch-Amerikanischen-Juristenvereinigung und ver\u00f6ffentlicht unter anderem im Bereich M&amp;A im Gesundheitssektor, etwa im Beck&#8217;schen Formularbuch Mergers &amp; Acquisitions (Hrsg. Seibt) und im Handbuch des Medizinprodukterechts (Hrsg. Anhalt\/Dieners). Er ist verheiratet und hat drei Kinder.<\/p>\n<p>&nbsp;<\/p>\n","protected":false},"excerpt":{"rendered":"<p>Christian H\u00fcbner ist Gr\u00fcndungspartner von NOVACOS und spezialisiert auf die umfassende rechtliche Beratung im Gesundheitswesen, insbesondere von Pharma- und Medizinprodukteunternehmen. Er ber\u00e4t Unternehmen aus dem Gesundheitssektor sowie Investoren\u00a0in Bezug auf branchenspezifische regulatorische, vertragsrechtliche, werberechtliche und vertriebsrechtliche Fragen, auch im Rahmen nationaler und grenz\u00fcberschreitender M&amp;A-Projekte, Umstrukturierungen und Kooperationen. Neben den Gebieten\u00a0Arzneimittelrecht und Heilmittelwerberecht bilden die\u00a0sektorspezifische Vertragsgestaltung [&hellip;]<\/p>\n","protected":false},"author":1,"featured_media":0,"parent":39,"menu_order":2,"comment_status":"closed","ping_status":"closed","template":"page-teammember.php","meta":{"_acf_changed":false,"footnotes":""},"class_list":["post-22","page","type-page","status-publish","hentry"],"acf":[],"aioseo_notices":[],"_links":{"self":[{"href":"https:\/\/www.novacos-law.com\/de\/wp-json\/wp\/v2\/pages\/22","targetHints":{"allow":["GET"]}}],"collection":[{"href":"https:\/\/www.novacos-law.com\/de\/wp-json\/wp\/v2\/pages"}],"about":[{"href":"https:\/\/www.novacos-law.com\/de\/wp-json\/wp\/v2\/types\/page"}],"author":[{"embeddable":true,"href":"https:\/\/www.novacos-law.com\/de\/wp-json\/wp\/v2\/users\/1"}],"replies":[{"embeddable":true,"href":"https:\/\/www.novacos-law.com\/de\/wp-json\/wp\/v2\/comments?post=22"}],"version-history":[{"count":0,"href":"https:\/\/www.novacos-law.com\/de\/wp-json\/wp\/v2\/pages\/22\/revisions"}],"up":[{"embeddable":true,"href":"https:\/\/www.novacos-law.com\/de\/wp-json\/wp\/v2\/pages\/39"}],"wp:attachment":[{"href":"https:\/\/www.novacos-law.com\/de\/wp-json\/wp\/v2\/media?parent=22"}],"curies":[{"name":"wp","href":"https:\/\/api.w.org\/{rel}","templated":true}]}}