{"id":23,"date":"2016-02-16T16:40:23","date_gmt":"2016-02-16T15:40:23","guid":{"rendered":"http:\/\/www.novacos-law.com\/de\/?page_id=23"},"modified":"2019-01-18T14:52:20","modified_gmt":"2019-01-18T13:52:20","slug":"alexander-natz","status":"publish","type":"page","link":"https:\/\/www.novacos-law.com\/de\/wer-wir-sind\/alexander-natz\/","title":{"rendered":"Dr. Alexander Natz"},"content":{"rendered":"<p>Dr. Alexander Natz ber\u00e4t Mandanten im Bereich des europ\u00e4ischen und deutschen Gesundheitsrechts mit den Schwerpunkten Arzneimittel, Medizinprodukte, Lebensmittel und Kosmetika.<\/p>\n<p>Er vertritt innovative Unternehmen aus dem Gesundheitswesen, darunter vor allem start-ups aus dem Arzneimittel- und Biotech-Sektor, vor den Europ\u00e4ischen Institutionen, den nationalen Beh\u00f6rden und Gerichten. Dr. Natz hat besondere Erfahrung mit dem europ\u00e4ischen Rechtsrahmen im Hinblick auf die Gute Herstellungspraxis (GMP), das Lifecycle Management, den Vertrieb sowie die Zulassung und klinische Pr\u00fcfungen von Arzneimitteln. Ein weiterer wesentlicher Schwerpunkt sind Fragen des Market Access sowie der Preisfindung und Erstattung von Arzneimitteln und Medizinprodukten in Deutschland.<\/p>\n<p>Seit 2010 ist Dr. Natz Gesch\u00e4ftsf\u00fchrer von EUCOPE (European Confederation of Pharmaceutical Entrepreneurs), einem in Br\u00fcssel ans\u00e4ssigen Verband, der mittelst\u00e4ndische Unternehmen des Gesundheitssektors bei den EU Institutionen vertritt (siehe <a href=\"http:\/\/www.eucope.org\">www.eucope.org<\/a>).<\/p>\n<p>Zuvor war er als Rechtsanwalt bei der Kanzlei Str\u00e4ter in Bonn t\u00e4tig und von 2008 bis Anfang 2013 Leiter des Br\u00fcsseler B\u00fcros des Bundesverbands der Pharmazeutischen Industrie (BPI). Vor seiner T\u00e4tigkeit bei NOVACOS war Herr Dr. Natz zudem in seiner eigenen Kanzlei Natz Rechtsanw\u00e4lte in D\u00fcsseldorf t\u00e4tig.<\/p>\n<p>Im Rahmen seiner T\u00e4tigkeit als wissenschaftlicher Mitarbeiter an der Duke University in den USA hat Dr. Natz sich vor allem mit dem internationalen Pharmarecht befasst. Seine Promotion hat er bei dem ehemaligen Richter am Europ\u00e4ischen Gerichtshof Prof. Dr. Dr. Ulrich Everling zu dem Thema \u201cWettbewerbsrechtliche Grenzen f\u00fcr Nachfraget\u00e4tigkeiten gesetzlicher Krankenversicherungen im Recht der EU und der USA\u201d verfasst.<\/p>\n","protected":false},"excerpt":{"rendered":"<p>Dr. Alexander Natz ber\u00e4t Mandanten im Bereich des europ\u00e4ischen und deutschen Gesundheitsrechts mit den Schwerpunkten Arzneimittel, Medizinprodukte, Lebensmittel und Kosmetika. Er vertritt innovative Unternehmen aus dem Gesundheitswesen, darunter vor allem start-ups aus dem Arzneimittel- und Biotech-Sektor, vor den Europ\u00e4ischen Institutionen, den nationalen Beh\u00f6rden und Gerichten. Dr. Natz hat besondere Erfahrung mit dem europ\u00e4ischen Rechtsrahmen im [&hellip;]<\/p>\n","protected":false},"author":1,"featured_media":0,"parent":39,"menu_order":3,"comment_status":"closed","ping_status":"closed","template":"page-teammember.php","meta":{"_acf_changed":false,"footnotes":""},"class_list":["post-23","page","type-page","status-publish","hentry"],"acf":[],"aioseo_notices":[],"_links":{"self":[{"href":"https:\/\/www.novacos-law.com\/de\/wp-json\/wp\/v2\/pages\/23","targetHints":{"allow":["GET"]}}],"collection":[{"href":"https:\/\/www.novacos-law.com\/de\/wp-json\/wp\/v2\/pages"}],"about":[{"href":"https:\/\/www.novacos-law.com\/de\/wp-json\/wp\/v2\/types\/page"}],"author":[{"embeddable":true,"href":"https:\/\/www.novacos-law.com\/de\/wp-json\/wp\/v2\/users\/1"}],"replies":[{"embeddable":true,"href":"https:\/\/www.novacos-law.com\/de\/wp-json\/wp\/v2\/comments?post=23"}],"version-history":[{"count":0,"href":"https:\/\/www.novacos-law.com\/de\/wp-json\/wp\/v2\/pages\/23\/revisions"}],"up":[{"embeddable":true,"href":"https:\/\/www.novacos-law.com\/de\/wp-json\/wp\/v2\/pages\/39"}],"wp:attachment":[{"href":"https:\/\/www.novacos-law.com\/de\/wp-json\/wp\/v2\/media?parent=23"}],"curies":[{"name":"wp","href":"https:\/\/api.w.org\/{rel}","templated":true}]}}