{"id":24,"date":"2016-02-16T16:40:59","date_gmt":"2016-02-16T15:40:59","guid":{"rendered":"http:\/\/www.novacos-law.com\/de\/?page_id=24"},"modified":"2019-01-18T14:52:47","modified_gmt":"2019-01-18T13:52:47","slug":"marc-oeben","status":"publish","type":"page","link":"https:\/\/www.novacos-law.com\/de\/wer-wir-sind\/marc-oeben\/","title":{"rendered":"Dr. Marc Oeben"},"content":{"rendered":"<p>Dr. Marc Oeben ber\u00e4t Mandanten der Gesundheitsindustrie, insbesondere Arzneimittel- und Medizinprodukte\u00adunternehmen.<\/p>\n<p>Er ber\u00e4t im Schwerpunkt bei dem Aufbau und der Implementierung von Compliance-Programmen sowie bei Kooperationen mit Fachkreisangeh\u00f6rigen, medizinischen Einrichtungen, Apotheken und anderen Dienstleistern im Gesundheitswesen.\u00a0Dar\u00fcber hinaus\u00a0verf\u00fcgt er\u00a0\u00fcber langj\u00e4hrige Erfahrung in der Beratung zur Produktsicherheit, einschlie\u00dflich der strategischen Beratung bei Produktr\u00fcckrufen sowie der gerichtlichen und au\u00dfergerichtlichen Vertretung bei Produkthaftungsf\u00e4llen und\u00a0allgemeiner kommerzieller Streitigkeiten. Schlie\u00dflich\u00a0ber\u00e4t er umfassend zu regulatorischen Fragestellungen in Bezug auf die Entwicklung, Zulassung und den Absatz von Medizinprodukten und Arzneimitteln.<\/p>\n<p>Dr. Marc Oeben studierte an der Universit\u00e4t Trier und Norwich (UK) Rechtswissenschaften. Sein Referendariat absolvierte er in D\u00fcsseldorf mit Stagen in verschiedenen internationalen Gro\u00dfkanzleien sowie in der Deutschen Botschaft in Valletta (Malta).<\/p>\n<p>Nach seiner Zulassung im Jahr 2008 war er zun\u00e4chst f\u00fcr 6 Jahre als Rechtsanwalt in der Industriegruppe \u201cHealthcare, Life Sciences &amp; Chemicals\u201d der internationalen Kanzlei Clifford Chance in D\u00fcsseldorf t\u00e4tig. Im Jahr 2014 wechselte er in die Abteilung Group Legal &amp; Compliance des M\u00fcnchener Spezialgase\u00adunternehmens Linde AG. Dort beriet er \u00fcber knapp 1,5 Jahre das deutsche und globale Gesundheitsgesch\u00e4ft der Linde AG in allen rechtlichen Belangen. Er vereint mit seiner Berufserfahrung die Berater- und Unternehmensperspektive in einem internationalen Umfeld.<\/p>\n<p>Seine Promotion hat er bei Herrn Prof. Dr. Ulrich M. Gassner an der Universit\u00e4t Augsburg zum Thema\u00a0&#8222;Der potenzielle Produktfehler nach der EuGH-Rechtsprechung &#8211; Eine perspektivische Betrachtung f\u00fcr die Haftung der Medizinproduktehersteller in Deutschland&#8220; verfasst.<\/p>\n<p>Dr. Marc Oeben ist Autor verschiedener Ver\u00f6ffentlichungen sowie regelm\u00e4\u00dfig als Referent bei Seminaren und Veranstaltungen im Gesundheitswesen t\u00e4tig. Dar\u00fcber hinaus ist er\u00a0Lehrbeauftragter an der Universit\u00e4t Marburg im Rahmen des Masterstudienganges Pharmarecht.<\/p>\n","protected":false},"excerpt":{"rendered":"<p>Dr. Marc Oeben ber\u00e4t Mandanten der Gesundheitsindustrie, insbesondere Arzneimittel- und Medizinprodukte\u00adunternehmen. Er ber\u00e4t im Schwerpunkt bei dem Aufbau und der Implementierung von Compliance-Programmen sowie bei Kooperationen mit Fachkreisangeh\u00f6rigen, medizinischen Einrichtungen, Apotheken und anderen Dienstleistern im Gesundheitswesen.\u00a0Dar\u00fcber hinaus\u00a0verf\u00fcgt er\u00a0\u00fcber langj\u00e4hrige Erfahrung in der Beratung zur Produktsicherheit, einschlie\u00dflich der strategischen Beratung bei Produktr\u00fcckrufen sowie der gerichtlichen und [&hellip;]<\/p>\n","protected":false},"author":1,"featured_media":0,"parent":39,"menu_order":4,"comment_status":"closed","ping_status":"closed","template":"page-teammember.php","meta":{"_acf_changed":false,"footnotes":""},"class_list":["post-24","page","type-page","status-publish","hentry"],"acf":[],"aioseo_notices":[],"_links":{"self":[{"href":"https:\/\/www.novacos-law.com\/de\/wp-json\/wp\/v2\/pages\/24","targetHints":{"allow":["GET"]}}],"collection":[{"href":"https:\/\/www.novacos-law.com\/de\/wp-json\/wp\/v2\/pages"}],"about":[{"href":"https:\/\/www.novacos-law.com\/de\/wp-json\/wp\/v2\/types\/page"}],"author":[{"embeddable":true,"href":"https:\/\/www.novacos-law.com\/de\/wp-json\/wp\/v2\/users\/1"}],"replies":[{"embeddable":true,"href":"https:\/\/www.novacos-law.com\/de\/wp-json\/wp\/v2\/comments?post=24"}],"version-history":[{"count":0,"href":"https:\/\/www.novacos-law.com\/de\/wp-json\/wp\/v2\/pages\/24\/revisions"}],"up":[{"embeddable":true,"href":"https:\/\/www.novacos-law.com\/de\/wp-json\/wp\/v2\/pages\/39"}],"wp:attachment":[{"href":"https:\/\/www.novacos-law.com\/de\/wp-json\/wp\/v2\/media?parent=24"}],"curies":[{"name":"wp","href":"https:\/\/api.w.org\/{rel}","templated":true}]}}