{"id":25,"date":"2016-02-16T16:41:49","date_gmt":"2016-02-16T15:41:49","guid":{"rendered":"http:\/\/www.novacos-law.com\/de\/?page_id=25"},"modified":"2023-02-07T09:17:46","modified_gmt":"2023-02-07T08:17:46","slug":"christian-stallberg","status":"publish","type":"page","link":"https:\/\/www.novacos-law.com\/de\/wer-wir-sind\/christian-stallberg\/","title":{"rendered":"Dr. Christian Stallberg"},"content":{"rendered":"<p>Dr. Christian Stallberg ber\u00e4t eine Vielzahl von f\u00fchrenden Unternehmen bei der Entwicklung, der Vermarktung, dem Vertrieb und der Erstattung ihrer Arzneimittel und Medizinprodukte. Dar\u00fcber hinaus ber\u00e4t er Unternehmen der Konsumg\u00fcter- und Chemieindustrie in industriespezifischen Fragestellungen, insbesondere bei kosmetischen Mitteln, Pflanzenschutzmitteln und Bioziden. Daneben vertritt Dr. Stallberg regelm\u00e4\u00dfig f\u00fchrende Industrieverb\u00e4nde in grunds\u00e4tzlichen rechtlichen wie rechtspolitischen Fragestellungen.<\/p>\n<p>Im Gesundheitsbereich liegt das haupts\u00e4chliche Beratungsfeld von Dr. Stallberg im Bereich des Marktzugangs und der Erstattung von Arzneimitteln und Medizinprodukten. Seine Expertise umfasst hier u. a. die au\u00dfergerichtliche sowie gerichtliche Vertretung von Unternehmen gegen\u00fcber gesetzlichen Krankenkassen, Kassen\u00e4rztlichen Vereinigungen, Zulassungs- und Aufsichtsbeh\u00f6rden, dem Gemeinsamen Bundesausschuss sowie dem GKV-Spitzenverband.<\/p>\n<p>Dr. Stallberg hat Rechtswissenschaften an der Westf\u00e4lischen Wilhelms Universit\u00e4t M\u00fcnster studiert und dort \u201csumma cum laude\u201d mit einer rechtsphilosophischen Arbeit im Bereich des geistigen Eigentums promoviert. Nach einem LL.M.-Studiengang an der Unversity of Cambridge in Gro\u00dfbritannien hat er f\u00fcr knapp 9 Jahre als Rechtsanwalt im Healthcare, Life Sciences &amp; Chemicals Team von Clifford Chance in D\u00fcsseldorf gearbeitet.<\/p>\n<p>Dr. Christian Stallberg ist Autor einer Vielzahl von juristischen Fachaufs\u00e4tzen, insbesondere im Bereich Pharma, MedTech sowie Life Sciences. Er ist u. a. Mitautor des Kapitels zum Absatz von Arzneimitteln in der gesetzlichen Krankenversicherung im \u201cHandbuch des Pharmarechts\u201d (C.H. Beck 2010), Autor des Kapitels \u00fcber Erstattungsbetragsvereinbarungen im \u201cVertragshandbuch Pharma und Life Sciences\u201c (C.H. Beck 2015) und Autor des Kapitels zum Rechtsschutz gegen erstattungsbeschr\u00e4nkende Ma\u00dfnahmen, Mitautor des Kapitels &#8222;Kostenerstattung f\u00fcr Medizinprodukte im station\u00e4ren Bereich&#8220; in der 2. Auflage \u201cHandbuch des Medizinprodukterechts\u201d (C.H. Beck, 2017) sowie Autor des Kapitels \u00fcber die Kostenerstattung im &#8222;Rechtshandbuch E-Health Digital Health&#8220; (C.H. Beck 2022).<\/p>\n<p>Dr. Stallberg tritt regelm\u00e4\u00dfig bei Konferenzen und Seminaren als Referent zu rechtlichen Themen im Bereich Pharma, MedTech, Life Sciences und Chemikalien auf. Er ist u. a. Lehrbeauftragter an der Universit\u00e4t Marburg im Pharmarecht, Mitglied des Ausschusses \u201eMarkt und Erstattung\u201c des Bundesverbands der Arzneimittel-Hersteller e. V. (BAH), Mitglied des \u201eFB Market Access\u201c und des \u201eFB DRG\u201c des Bundesverbands Medizintechnologie e.V. (BVMed), ordentliches Mitglied des GRUR-Fachausschusses &#8222;Arznei- und Lebensmittelrecht&#8220;, sowie Mitherausgeber der Zeitschrift f\u00fcr Stoffrecht.<\/p>\n","protected":false},"excerpt":{"rendered":"<p>Dr. Christian Stallberg ber\u00e4t eine Vielzahl von f\u00fchrenden Unternehmen bei der Entwicklung, der Vermarktung, dem Vertrieb und der Erstattung ihrer Arzneimittel und Medizinprodukte. Dar\u00fcber hinaus ber\u00e4t er Unternehmen der Konsumg\u00fcter- und Chemieindustrie in industriespezifischen Fragestellungen, insbesondere bei kosmetischen Mitteln, Pflanzenschutzmitteln und Bioziden. Daneben vertritt Dr. Stallberg regelm\u00e4\u00dfig f\u00fchrende Industrieverb\u00e4nde in grunds\u00e4tzlichen rechtlichen wie rechtspolitischen Fragestellungen. [&hellip;]<\/p>\n","protected":false},"author":1,"featured_media":0,"parent":39,"menu_order":5,"comment_status":"closed","ping_status":"closed","template":"page-teammember.php","meta":{"_acf_changed":false,"footnotes":""},"class_list":["post-25","page","type-page","status-publish","hentry"],"acf":[],"aioseo_notices":[],"_links":{"self":[{"href":"https:\/\/www.novacos-law.com\/de\/wp-json\/wp\/v2\/pages\/25","targetHints":{"allow":["GET"]}}],"collection":[{"href":"https:\/\/www.novacos-law.com\/de\/wp-json\/wp\/v2\/pages"}],"about":[{"href":"https:\/\/www.novacos-law.com\/de\/wp-json\/wp\/v2\/types\/page"}],"author":[{"embeddable":true,"href":"https:\/\/www.novacos-law.com\/de\/wp-json\/wp\/v2\/users\/1"}],"replies":[{"embeddable":true,"href":"https:\/\/www.novacos-law.com\/de\/wp-json\/wp\/v2\/comments?post=25"}],"version-history":[{"count":0,"href":"https:\/\/www.novacos-law.com\/de\/wp-json\/wp\/v2\/pages\/25\/revisions"}],"up":[{"embeddable":true,"href":"https:\/\/www.novacos-law.com\/de\/wp-json\/wp\/v2\/pages\/39"}],"wp:attachment":[{"href":"https:\/\/www.novacos-law.com\/de\/wp-json\/wp\/v2\/media?parent=25"}],"curies":[{"name":"wp","href":"https:\/\/api.w.org\/{rel}","templated":true}]}}