{"id":27,"date":"2016-02-16T16:46:53","date_gmt":"2016-02-16T15:46:53","guid":{"rendered":"http:\/\/www.novacos-law.com\/de\/?page_id=27"},"modified":"2023-11-21T11:31:04","modified_gmt":"2023-11-21T10:31:04","slug":"healthcare-ma","status":"publish","type":"page","link":"https:\/\/www.novacos-law.com\/de\/was-wir-machen\/healthcare-ma\/","title":{"rendered":"Healthcare M&amp;A"},"content":{"rendered":"<p>Investitionen im Gesundheits- und Chemiesektor sind f\u00fcr strategische Investoren wie auch f\u00fcr Finanzinvestoren anhaltend attraktiv. M&amp;A-Projekte im Pharma- und Medizinproduktebereich wie auch im Bereich von Krankenh\u00e4usern, Pflegeheimen, Medizinischen Versorgungszentren oder sonstigen Unternehmen der Gesundheitswirtschaft und der chemischen Industrie bed\u00fcrfen jedoch aufgrund der umfangreichen gesetzlichen Regulierung einer besonders sorgf\u00e4ltigen Vorbereitung, Pr\u00fcfung und Umsetzung. Die rechtlichen Besonderheiten wirken sich dabei regelm\u00e4\u00dfig auf die Due Diligence und die Vertragsgestaltung ebenso aus wie auf die Strukturierung und den Vollzug einer Transaktion, insbesondere bei Asset Deals im Bereich von Arzneimitteln, Medizinprodukten, Krankenh\u00e4usern, Pflegeheimen oder sonstigen Dienstleistern im Gesundheitswesen wie Laborketten.<\/p>\n<p>Aufgrund unserer Spezialisierung auf M&amp;A-Projekte im Gesundheitswesen und unseres langen, in einer f\u00fchrenden internationalen Wirtschaftskanzlei erworbenen Track Records in diesem Bereich sind wir in der Lage, die sektorspezifischen Problemstellungen zu identifizieren, zu beurteilen und einer sachgerechten, pragmatischen L\u00f6sung im Rahmen eines Projektes zuzuf\u00fchren.<\/p>\n<p>Im Bereich Life Sciences und Healthcare M&amp;A beraten wir neben Pharma- und Medizinprodukteunternehmen sowie anderen Unternehmen der Gesundheitswirtschaft auch Finanzinvestoren und andere Rechtsanwaltskanzleien ohne entsprechende Sektorexpertise oder deutsche Niederlassung. Unser Beratungsangebot umfasst dabei insbesondere:<\/p>\n<h3>Due Diligence<\/h3>\n<ul>\n<li>Planung und Durchf\u00fchrung der Due Diligence in Bezug auf sektorspezifische Themen wie etwa Zulassungen, Zertifizierungen, Genehmigungen, regulatorische und handelsrechtliche Vertr\u00e4ge<\/li>\n<li>Planung und Durchf\u00fchrung der Due Diligence im Bereich Healthcare und Business Compliance, einschlie\u00dflich der Durchf\u00fchrung von Management-Interviews<\/li>\n<li>Erstellen von Due Diligence Reports in deutscher und englischer Sprache auf Basis internationaler Standards<\/li>\n<li>Beratung zur Strukturierung der Transaktion unter Ber\u00fccksichtigung regulatorischer Besonderheiten<\/li>\n<li>Umfassende Koordinierung der Due Diligence oder Zuliefern sektorspezifischer Inhalte, etwa f\u00fcr Finanzinvestoren oder andere Rechtsanwaltskanzleien ohne entsprechende Sektor-Expertise oder deutsche Niederlassung<\/li>\n<\/ul>\n<h3>Transaktionen<\/h3>\n<ul>\n<li>Planung und Begleitung der Durchf\u00fchrung und Implementierung von kleinen bis mittelgro\u00dfen M&amp;A-Projekten im Gesundheitssektor, vom klassischen Unternehmenskauf bis zum Auktionsverfahren oder Lizenz-Deal, in Kooperation mit Corporate-Kanzleien<\/li>\n<li>Unterst\u00fctzung bei dem Erstellen und Verhandeln der umfassenden vertraglichen Dokumentation, etwa dem Kaufvertrag, mit Blick auf regulatorische Aspekte<\/li>\n<li>Erstellen und Verhandeln wichtiger Nebenvertr\u00e4ge mit regulatorischem Einschlag, wie Lohnherstellungs-, Vertriebs- oder Forschungs- und Entwicklungsvertr\u00e4ge<\/li>\n<li>Koordinierung mit anderen Rechtsbereichen und L\u00e4ndern<\/li>\n<li>Umfassende Betreuung von Mandanten oder punktuelle Unterst\u00fctzung, etwa bei sektorspezifischen Vertr\u00e4gen<\/li>\n<\/ul>\n<h3>Restrukturierungen<\/h3>\n<ul>\n<li>Beratung unter und zur Ber\u00fccksichtigung regulatorischer Besonderheiten im Rahmen von gesellschaftsrechtlichen Umstrukturierungen, etwa in Bezug auf Genehmigungen und Kennzeichnungspflichten<\/li>\n<li>Planung und Umsetzung entsprechender gesellschaftsrechtlicher Umstrukturierungen in Kooperation mit Corporate-Kanzleien<\/li>\n<\/ul>\n<h3>Finanzierungen\/Kapitalmarktprojekte<\/h3>\n<ul>\n<li>Unterst\u00fctzung von Banken, Investoren oder Kanzleien bei der Due Diligence und Erstellung gesundheitsspezifischer Module f\u00fcr Prospekte, Reports und sonstige Berichte im Rahmen von Kapitalmarktprojekten (IPOs, Bonds etc.) oder sonstigen Finanzierungen<\/li>\n<\/ul>\n<h3>Einrichtungen des Gesundheitswesens<\/h3>\n<p>Einrichtungen der Gesundheitswirtschaft wie etwa Krankenh\u00e4user, Pflegeheime oder Medizinische Versorgungszentren stehen zwischen den hohen rechtlichen Anforderungen auf der einen Seite und dem Erfordernis, als vollwertige Wirtschaftsunternehmen \u00f6konomisch erfolgreich zu sein. Im Laufe der letzten zehn Jahre sind die rechtlichen Anspr\u00fcche an diese Unternehmen immens gestiegen, Verst\u00f6\u00dfe gegen diese Anforderungen k\u00f6nnen drastische Folgen haben.<\/p>\n<p>Wir haben weitreichende Erfahrung in der Beratung bei dem Erwerb von Gesundheitseinrichtungen in allen regulatorischen und sozialrechtlichen Fragestellungen, auch sektor\u00fcbergreifend, und sind spezialisiert auf die Pr\u00fcfung und Umsetzung der rechtlichen Besonderheiten von Gesundheitseinrichtungen im Rahmen von\u00a0M&amp;A-Projekten.<\/p>\n<p>Unsere Beratung umfasst insbesondere die Pr\u00fcfung von und Beratung zu:<\/p>\n<ul>\n<li>Unterst\u00fctzung bei dem Zugang zum jeweiligen Markt (z. B. Aufnahme in den Krankenhausplan, Abschluss von Versorgungsvertr\u00e4gen im Reha- und Pflegeheimbereich, Verfahren vor Zulassungsgremien)<\/li>\n<li>Sozialrechtliche Fragestellungen (z. B. rechtliche Unterst\u00fctzung bei Fragen zu DRG, Abschluss von Verg\u00fctungsvereinbarungen, Abrechnung innovativer Produkte gegen\u00fcber Kostentr\u00e4gern)<\/li>\n<li>Compliance-Fragestellungen (z. B. Zuweisermanagement in den Einrichtungen, Zusammenarbeit mit ambulanten Pflegediensten, Erstellung und Pr\u00fcfung von passgenauen Mustervertr\u00e4gen mit Kooperationspartnern und Erstellung einrichtungseigener Richtlinien zum Umgang mit Compliance-Fragestellungen)<\/li>\n<li>Strukturierung und regulatorische Fragestellungen im Zusammenhang mit dem Erwerb von Krankenh\u00e4usern, Pflegeheimen, MVZs und anderen Einrichtungen der Gesundheitswirtschaft (wie \u00dcbertragung von Kassenarztsitzen)<\/li>\n<\/ul>\n","protected":false},"excerpt":{"rendered":"<p>Investitionen im Gesundheits- und Chemiesektor sind f\u00fcr strategische Investoren wie auch f\u00fcr Finanzinvestoren anhaltend attraktiv. M&amp;A-Projekte im Pharma- und Medizinproduktebereich wie auch im Bereich von Krankenh\u00e4usern, Pflegeheimen, Medizinischen Versorgungszentren oder sonstigen Unternehmen der Gesundheitswirtschaft und der chemischen Industrie bed\u00fcrfen jedoch aufgrund der umfangreichen gesetzlichen Regulierung einer besonders sorgf\u00e4ltigen Vorbereitung, Pr\u00fcfung und Umsetzung. Die rechtlichen Besonderheiten [&hellip;]<\/p>\n","protected":false},"author":1,"featured_media":0,"parent":6,"menu_order":1090,"comment_status":"closed","ping_status":"closed","template":"","meta":{"_acf_changed":false,"footnotes":""},"class_list":["post-27","page","type-page","status-publish","hentry"],"acf":[],"aioseo_notices":[],"_links":{"self":[{"href":"https:\/\/www.novacos-law.com\/de\/wp-json\/wp\/v2\/pages\/27","targetHints":{"allow":["GET"]}}],"collection":[{"href":"https:\/\/www.novacos-law.com\/de\/wp-json\/wp\/v2\/pages"}],"about":[{"href":"https:\/\/www.novacos-law.com\/de\/wp-json\/wp\/v2\/types\/page"}],"author":[{"embeddable":true,"href":"https:\/\/www.novacos-law.com\/de\/wp-json\/wp\/v2\/users\/1"}],"replies":[{"embeddable":true,"href":"https:\/\/www.novacos-law.com\/de\/wp-json\/wp\/v2\/comments?post=27"}],"version-history":[{"count":0,"href":"https:\/\/www.novacos-law.com\/de\/wp-json\/wp\/v2\/pages\/27\/revisions"}],"up":[{"embeddable":true,"href":"https:\/\/www.novacos-law.com\/de\/wp-json\/wp\/v2\/pages\/6"}],"wp:attachment":[{"href":"https:\/\/www.novacos-law.com\/de\/wp-json\/wp\/v2\/media?parent=27"}],"curies":[{"name":"wp","href":"https:\/\/api.w.org\/{rel}","templated":true}]}}