{"id":281,"date":"2017-05-03T15:48:32","date_gmt":"2017-05-03T13:48:32","guid":{"rendered":"http:\/\/www.novacos-law.com\/de\/?page_id=281"},"modified":"2026-03-24T10:28:47","modified_gmt":"2026-03-24T09:28:47","slug":"karriere","status":"publish","type":"page","link":"https:\/\/www.novacos-law.com\/de\/karriere\/","title":{"rendered":"Karriere"},"content":{"rendered":"<h1>NOVACOS steht f\u00fcr erstklassige Rechtsberatung und geh\u00f6rt zu den f\u00fchrenden Adressen im Gesundheitsrecht in Deutschland und dar\u00fcber hinaus. Einem Rechtsbereich, der unglaublich facettenreich, spannend und zukunftstr\u00e4chtig ist.<\/h1>\n<p>Wir beraten unsere Mandanten mit fachlicher Expertise auf h\u00f6chstem Niveau gepaart mit Leidenschaft f\u00fcr unsere Arbeit. Wir stellen h\u00f6chste Anspr\u00fcche an uns selbst und ebenso hohe Anspr\u00fcche an unsere Mitarbeiter. Wir leben den Team-Gedanken jeden Tag aufs Neue, da der pers\u00f6nliche Umgang untereinander und mit unseren Mandanten f\u00fcr uns von unsch\u00e4tzbarem Wert ist. Neben fachlicher Exzellenz legen wir daher gro\u00dfen Wert auf menschliche Qualit\u00e4ten wie Teamf\u00e4higkeit und das ber\u00fchmte \u201e\u00fcber den Tellerrand hinausschauen\u201c.<\/p>\n<p>Wollen auch Sie Teil des NOVACOS-Teams werden? Haben wir Ihr Interesse f\u00fcr das Gesundheitsrecht geweckt? Dann freuen wir uns auf Ihre Bewerbung.<\/p>\n<h2 id=\"jobs\">Aktuelle Stellenausschreibungen<\/h2>\n<ul>\n<li style=\"list-style-type: none\">\n<ul>\n<li><a href=\"https:\/\/www.novacos-law.com\/de\/karriere\/rechtsreferendarewissenschaftliche-mitarbeiter\/\">Referendare\/ Wissenschaftliche Mitarbeiter (m\/w\/d)<\/a><\/li>\n<li><a href=\"https:\/\/www.novacos-law.com\/de\/karriere\/rechtsanwaelte\/\">Rechtsanw\u00e4lte (m\/w\/d).<\/a><\/li>\n<\/ul>\n<\/li>\n<\/ul>\n<p>&nbsp;<\/p>\n","protected":false},"excerpt":{"rendered":"<p>NOVACOS steht f\u00fcr erstklassige Rechtsberatung und geh\u00f6rt zu den f\u00fchrenden Adressen im Gesundheitsrecht in Deutschland und dar\u00fcber hinaus. Einem Rechtsbereich, der unglaublich facettenreich, spannend und zukunftstr\u00e4chtig ist. Wir beraten unsere Mandanten mit fachlicher Expertise auf h\u00f6chstem Niveau gepaart mit Leidenschaft f\u00fcr unsere Arbeit. Wir stellen h\u00f6chste Anspr\u00fcche an uns selbst und ebenso hohe Anspr\u00fcche an [&hellip;]<\/p>\n","protected":false},"author":1,"featured_media":0,"parent":0,"menu_order":0,"comment_status":"closed","ping_status":"closed","template":"page-career.php","meta":{"_acf_changed":false,"footnotes":""},"class_list":["post-281","page","type-page","status-publish","hentry"],"acf":[],"aioseo_notices":[],"_links":{"self":[{"href":"https:\/\/www.novacos-law.com\/de\/wp-json\/wp\/v2\/pages\/281","targetHints":{"allow":["GET"]}}],"collection":[{"href":"https:\/\/www.novacos-law.com\/de\/wp-json\/wp\/v2\/pages"}],"about":[{"href":"https:\/\/www.novacos-law.com\/de\/wp-json\/wp\/v2\/types\/page"}],"author":[{"embeddable":true,"href":"https:\/\/www.novacos-law.com\/de\/wp-json\/wp\/v2\/users\/1"}],"replies":[{"embeddable":true,"href":"https:\/\/www.novacos-law.com\/de\/wp-json\/wp\/v2\/comments?post=281"}],"version-history":[{"count":0,"href":"https:\/\/www.novacos-law.com\/de\/wp-json\/wp\/v2\/pages\/281\/revisions"}],"wp:attachment":[{"href":"https:\/\/www.novacos-law.com\/de\/wp-json\/wp\/v2\/media?parent=281"}],"curies":[{"name":"wp","href":"https:\/\/api.w.org\/{rel}","templated":true}]}}