{"id":283,"date":"2017-05-03T17:04:16","date_gmt":"2017-05-03T15:04:16","guid":{"rendered":"http:\/\/www.novacos-law.com\/de\/?page_id=283"},"modified":"2019-02-26T15:52:06","modified_gmt":"2019-02-26T14:52:06","slug":"rechtsreferendarewissenschaftliche-mitarbeiter","status":"publish","type":"page","link":"https:\/\/www.novacos-law.com\/de\/karriere\/rechtsreferendarewissenschaftliche-mitarbeiter\/","title":{"rendered":"Rechtsreferendare\/Wissenschaftliche Mitarbeiter"},"content":{"rendered":"<h1>Rechtsreferendare\/Wissenschaftliche Mitarbeiter (m\/w)<\/h1>\n<p>Wollen Sie das Gesundheitsrecht kennenlernen? Oder sich im Gesundheitsrecht spezialisieren? Dann sind Sie bei uns genau richtig!<\/p>\n<p>Wir sind als Spin-Off einer Gro\u00dfkanzlei auf die wirtschaftsrechtliche Beratung im Gesundheitswesen spezialisiert und beraten vorwiegend Unternehmen der Pharma- und Medizinprodukteindustrie. Als dynamische und wachsende Kanzlei beraten wir unsere Mandanten national wie international auf h\u00f6chstem Niveau, legen aber zugleich Wert auf eine angemessene Work-Life-Balance.<\/p>\n<p>Wir bieten Ihnen die M\u00f6glichkeit, unsere Kanzlei und verschiedene Facetten des Gesundheitsrechts im Rahmen des Referendariats kennenzulernen oder uns im Rahmen einer bezahlten Nebent\u00e4tigkeit w\u00e4hrend des Studiums, Referendariats oder auch jeweils danach (etwa im Rahmen einer Promotion) zu unterst\u00fctzen. Unser Team gew\u00e4hrt Ihnen gerne Einblicke in die Praxis und versteht eine solche Zusammenarbeit auch als Kennenlernen mit Blick auf einen m\u00f6glichen sp\u00e4teren Berufseinstieg.<\/p>\n<p>Haben wir Ihr Interesse geweckt? Dann wenden Sie sich bitte an unseren Partner <a href=\"https:\/\/www.novacos-law.com\/de\/wer-wir-sind\/christian-stallberg\/\">Dr. Christian Stallberg<\/a> (career@novacos-law.com).<\/p>\n","protected":false},"excerpt":{"rendered":"<p>Rechtsreferendare\/Wissenschaftliche Mitarbeiter (m\/w) Wollen Sie das Gesundheitsrecht kennenlernen? Oder sich im Gesundheitsrecht spezialisieren? Dann sind Sie bei uns genau richtig! Wir sind als Spin-Off einer Gro\u00dfkanzlei auf die wirtschaftsrechtliche Beratung im Gesundheitswesen spezialisiert und beraten vorwiegend Unternehmen der Pharma- und Medizinprodukteindustrie. Als dynamische und wachsende Kanzlei beraten wir unsere Mandanten national wie international auf h\u00f6chstem [&hellip;]<\/p>\n","protected":false},"author":1,"featured_media":0,"parent":281,"menu_order":0,"comment_status":"closed","ping_status":"closed","template":"page-career.php","meta":{"_acf_changed":false,"footnotes":""},"class_list":["post-283","page","type-page","status-publish","hentry"],"acf":[],"aioseo_notices":[],"_links":{"self":[{"href":"https:\/\/www.novacos-law.com\/de\/wp-json\/wp\/v2\/pages\/283","targetHints":{"allow":["GET"]}}],"collection":[{"href":"https:\/\/www.novacos-law.com\/de\/wp-json\/wp\/v2\/pages"}],"about":[{"href":"https:\/\/www.novacos-law.com\/de\/wp-json\/wp\/v2\/types\/page"}],"author":[{"embeddable":true,"href":"https:\/\/www.novacos-law.com\/de\/wp-json\/wp\/v2\/users\/1"}],"replies":[{"embeddable":true,"href":"https:\/\/www.novacos-law.com\/de\/wp-json\/wp\/v2\/comments?post=283"}],"version-history":[{"count":0,"href":"https:\/\/www.novacos-law.com\/de\/wp-json\/wp\/v2\/pages\/283\/revisions"}],"up":[{"embeddable":true,"href":"https:\/\/www.novacos-law.com\/de\/wp-json\/wp\/v2\/pages\/281"}],"wp:attachment":[{"href":"https:\/\/www.novacos-law.com\/de\/wp-json\/wp\/v2\/media?parent=283"}],"curies":[{"name":"wp","href":"https:\/\/api.w.org\/{rel}","templated":true}]}}