{"id":31,"date":"2016-02-16T16:48:15","date_gmt":"2016-02-16T15:48:15","guid":{"rendered":"http:\/\/www.novacos-law.com\/de\/?page_id=31"},"modified":"2023-11-21T11:28:17","modified_gmt":"2023-11-21T10:28:17","slug":"sektorspezifische-vertragsgestaltung-verhandlung","status":"publish","type":"page","link":"https:\/\/www.novacos-law.com\/de\/was-wir-machen\/sektorspezifische-vertragsgestaltung-verhandlung\/","title":{"rendered":"Sektorspezifische Vertragsgestaltung &#038; Verhandlung"},"content":{"rendered":"<p>Das Erstellen und Verhandeln erstklassiger wirtschaftsrechtlicher Vertr\u00e4ge in deutscher wie in englischer Sprache ist eine Herausforderung. Umso komplexer ist es, wenn dabei gesundheitsrechtliche Besonderheiten wie etwa die klare Zuweisung von regulatorischen Verantwortlichkeiten zu beachten sind, die letztlich \u00fcber die G\u00fcte und vor allem die praktische Umsetzbarkeit eines Vertrages entscheiden und die zus\u00e4tzlich vor Beh\u00f6rden Bestand haben m\u00fcssen. Mit unserer in einer f\u00fchrenden internationalen Gro\u00dfkanzlei erworbenen umfangreichen Erfahrung bei der Erstellung und Verhandlung sektorspezifischer Vertr\u00e4ge helfen wir unseren Mandanten, diese Herausforderungen zu meistern.<\/p>\n<p>Wir beraten Mandanten insbesondere bei den folgenden Vertragsarten:<\/p>\n<ul>\n<li>Lohnherstellungs- und andere Herstellungs- und Liefervertr\u00e4ge<\/li>\n<li>Quality Agreements und Verantwortungsabgrenzungsvertr\u00e4ge<\/li>\n<li>Vertriebsvertr\u00e4ge<\/li>\n<li>Co-Marketing-, Co-Promotion- und Mitvertriebsvertr\u00e4ge<\/li>\n<li>Forschungs- und Entwicklungsvertr\u00e4ge<\/li>\n<li>Lizenzvertr\u00e4ge<\/li>\n<li>Kooperationsvereinbarungen<\/li>\n<li>Vertr\u00e4ge \u00fcber klinische Studien<\/li>\n<li>Material Transfer Agreements<\/li>\n<li>Sponsoring- und Referentenvertr\u00e4ge<\/li>\n<li>Alle Arten sonstiger Vertr\u00e4ge mit Relevanz im Life Sciences-Bereich<\/li>\n<\/ul>\n<p>Nach Absprache \u00fcbernehmen wir f\u00fcr Mandaten auch die kontinuierliche Betreuung und Abwicklung bestimmter Vertragstypen im operativen Gesch\u00e4ft, von dem Erstellen relevanter Vorlagen bis hin zur Verhandlung mit Vertragspartnern. Umfangreiche Erfahrungen hierbei haben wir unter anderem in den Bereichen klinische Forschung sowie sonstige Zusammenarbeit mit Fachkreisangeh\u00f6rigen (z. B. Berater-, Referenten-, Sponsoringvertr\u00e4ge).<\/p>\n","protected":false},"excerpt":{"rendered":"<p>Das Erstellen und Verhandeln erstklassiger wirtschaftsrechtlicher Vertr\u00e4ge in deutscher wie in englischer Sprache ist eine Herausforderung. Umso komplexer ist es, wenn dabei gesundheitsrechtliche Besonderheiten wie etwa die klare Zuweisung von regulatorischen Verantwortlichkeiten zu beachten sind, die letztlich \u00fcber die G\u00fcte und vor allem die praktische Umsetzbarkeit eines Vertrages entscheiden und die zus\u00e4tzlich vor Beh\u00f6rden Bestand [&hellip;]<\/p>\n","protected":false},"author":1,"featured_media":0,"parent":6,"menu_order":1020,"comment_status":"closed","ping_status":"closed","template":"","meta":{"_acf_changed":false,"footnotes":""},"class_list":["post-31","page","type-page","status-publish","hentry"],"acf":[],"aioseo_notices":[],"_links":{"self":[{"href":"https:\/\/www.novacos-law.com\/de\/wp-json\/wp\/v2\/pages\/31","targetHints":{"allow":["GET"]}}],"collection":[{"href":"https:\/\/www.novacos-law.com\/de\/wp-json\/wp\/v2\/pages"}],"about":[{"href":"https:\/\/www.novacos-law.com\/de\/wp-json\/wp\/v2\/types\/page"}],"author":[{"embeddable":true,"href":"https:\/\/www.novacos-law.com\/de\/wp-json\/wp\/v2\/users\/1"}],"replies":[{"embeddable":true,"href":"https:\/\/www.novacos-law.com\/de\/wp-json\/wp\/v2\/comments?post=31"}],"version-history":[{"count":0,"href":"https:\/\/www.novacos-law.com\/de\/wp-json\/wp\/v2\/pages\/31\/revisions"}],"up":[{"embeddable":true,"href":"https:\/\/www.novacos-law.com\/de\/wp-json\/wp\/v2\/pages\/6"}],"wp:attachment":[{"href":"https:\/\/www.novacos-law.com\/de\/wp-json\/wp\/v2\/media?parent=31"}],"curies":[{"name":"wp","href":"https:\/\/api.w.org\/{rel}","templated":true}]}}