{"id":32,"date":"2016-02-16T16:48:29","date_gmt":"2016-02-16T15:48:29","guid":{"rendered":"http:\/\/www.novacos-law.com\/de\/?page_id=32"},"modified":"2023-11-21T14:38:46","modified_gmt":"2023-11-21T13:38:46","slug":"werbung-marketing","status":"publish","type":"page","link":"https:\/\/www.novacos-law.com\/de\/was-wir-machen\/werbung-marketing\/","title":{"rendered":"Werbung &amp; Marketing"},"content":{"rendered":"<p>Eine Gesch\u00e4ftsweisheit besagt: Wer nicht wirbt, der stirbt! Ein gutes Produkt wird nur als solches wahrgenommen, wenn auch die Werbung ihre Zielgruppe in aussagekr\u00e4ftiger Art und Weise erreicht. Die Werbung im Gesundheitssektor, speziell f\u00fcr Arzneimittel, Medizinprodukte und Nahrungs\u00aderg\u00e4nzungsmittel, aber auch f\u00fcr kosmetische Mittel, Biozide und Pflanzenschutzmittel, unterliegt vielf\u00e4ltigen Einschr\u00e4nkungen und Vorgaben, die es zu beachten gilt, etwa dem Gesetz gegen unlauteren Wettbewerb (UWG), Heilmittelwerbegesetz (HWG), der Health Claims-Verordnung, und den sich zunehmend versch\u00e4rfenden Anti-Korruptions-Gesetzen und Compliance-Kodices.<\/p>\n<p>Mit unserer langj\u00e4hrigen au\u00dfergerichtlichen und gerichtlichen Erfahrung im Zusammenhang mit der Bewerbung von Arzneimitteln, Medizinprodukten, Nahrungserg\u00e4nzungsmitteln sowie sonstigen Chemikalien unterst\u00fctzen wir Unternehmen insbesondere in den folgenden Bereichen:<\/p>\n<ul>\n<li>Rechtliche Pr\u00fcfung und Optimierung von Werbematerialien in deutscher oder englischer Sprache<\/li>\n<li>Rechtliche Pr\u00fcfung und Optimierung von Materialien f\u00fcr die Fach- und\/oder Laienpresse oder von Disease-Awareness Kampagnen<\/li>\n<li>Rechtliche Begleitung und Pr\u00fcfung von Pre-Launch Werbeaktivit\u00e4ten, einschlie\u00dflich der Entwicklung juristischer Abwehrstrategien<\/li>\n<li>Rechtliche Pr\u00fcfung und Optimierung von Werbekonzepten und Vertriebsstrategien in Deutschland und Europa, einschlie\u00dflich der europaweiten Koordinierung in unterschiedlichen Jurisdiktionen<\/li>\n<li>Rechtliche Pr\u00fcfung und Begleitung der Nutzung von Social Media und anderer elektronischer Medien f\u00fcr Werbezwecke<\/li>\n<li>Rechtliche Pr\u00fcfung und Optimierung von Launch-Strategien, einschlie\u00dflich der Entwicklung juristischer Abwehrstrategien<\/li>\n<li>Rechtliche Pr\u00fcfung und Beratung zu umweltbezogener Werbung, etwa zur werblichen Kommunikation umweltbezogener Initiativen eines Unternehmens (siehe <a href=\"\/de\/was-wir-machen\/umwelt-nachhaltigkeit-lieferkettensorgfalt\/\">Umwelt, Nachhaltigkeit und Lieferkettensorgfalt<\/a>)<\/li>\n<li>Au\u00dfergerichtliche und gerichtliche Verteidigung von Werbung im Falle von Beanstandungen, einschlie\u00dflich der Koordinierung europaweiter Gerichtsverfahren<\/li>\n<li>Beobachtung und rechtliche Pr\u00fcfung der Werbeauftritte von Mitbewerbern, einschlie\u00dflich der Entwicklung juristischer Angriffsstrategien<\/li>\n<li>Au\u00dfergerichtliche und gerichtliche Durchsetzung von Unterlassungsanspr\u00fcchen gegen Wettbewerber, vor allem im Wege des einstweiligen Rechtsschutzes, einschlie\u00dflich der Koordinierung europaweiter Gerichtsverfahren<\/li>\n<li>Durchf\u00fchrung von ma\u00dfgeschneiderten juristischen in-house Schulungen f\u00fcr Mitarbeiter aus Marketing, Au\u00dfendienst etc. zur werberechtlichen Compliance<\/li>\n<li>Rechtliche Entwicklung von ma\u00dfgeschneiderten produkt- und\/oder unternehmensbezogenen Leitf\u00e4den und Prozessen f\u00fcr die Freigabe von Werbemitteln<\/li>\n<\/ul>\n","protected":false},"excerpt":{"rendered":"<p>Eine Gesch\u00e4ftsweisheit besagt: Wer nicht wirbt, der stirbt! Ein gutes Produkt wird nur als solches wahrgenommen, wenn auch die Werbung ihre Zielgruppe in aussagekr\u00e4ftiger Art und Weise erreicht. Die Werbung im Gesundheitssektor, speziell f\u00fcr Arzneimittel, Medizinprodukte und Nahrungs\u00aderg\u00e4nzungsmittel, aber auch f\u00fcr kosmetische Mittel, Biozide und Pflanzenschutzmittel, unterliegt vielf\u00e4ltigen Einschr\u00e4nkungen und Vorgaben, die es zu beachten [&hellip;]<\/p>\n","protected":false},"author":1,"featured_media":0,"parent":6,"menu_order":1030,"comment_status":"closed","ping_status":"closed","template":"","meta":{"_acf_changed":false,"footnotes":""},"class_list":["post-32","page","type-page","status-publish","hentry"],"acf":[],"aioseo_notices":[],"_links":{"self":[{"href":"https:\/\/www.novacos-law.com\/de\/wp-json\/wp\/v2\/pages\/32","targetHints":{"allow":["GET"]}}],"collection":[{"href":"https:\/\/www.novacos-law.com\/de\/wp-json\/wp\/v2\/pages"}],"about":[{"href":"https:\/\/www.novacos-law.com\/de\/wp-json\/wp\/v2\/types\/page"}],"author":[{"embeddable":true,"href":"https:\/\/www.novacos-law.com\/de\/wp-json\/wp\/v2\/users\/1"}],"replies":[{"embeddable":true,"href":"https:\/\/www.novacos-law.com\/de\/wp-json\/wp\/v2\/comments?post=32"}],"version-history":[{"count":0,"href":"https:\/\/www.novacos-law.com\/de\/wp-json\/wp\/v2\/pages\/32\/revisions"}],"up":[{"embeddable":true,"href":"https:\/\/www.novacos-law.com\/de\/wp-json\/wp\/v2\/pages\/6"}],"wp:attachment":[{"href":"https:\/\/www.novacos-law.com\/de\/wp-json\/wp\/v2\/media?parent=32"}],"curies":[{"name":"wp","href":"https:\/\/api.w.org\/{rel}","templated":true}]}}