{"id":35,"date":"2016-02-16T16:49:40","date_gmt":"2016-02-16T15:49:40","guid":{"rendered":"http:\/\/www.novacos-law.com\/de\/?page_id=35"},"modified":"2023-11-21T11:29:33","modified_gmt":"2023-11-21T10:29:33","slug":"prozessfuehrung-konfliktloesung","status":"publish","type":"page","link":"https:\/\/www.novacos-law.com\/de\/was-wir-machen\/prozessfuehrung-konfliktloesung\/","title":{"rendered":"Prozessf\u00fchrung &#038; Konfliktl\u00f6sung"},"content":{"rendered":"<p>Unsere Rechtsanw\u00e4lte vertreten Mandanten aus dem Life Sciences-Bereich und angrenzenden Industrien st\u00e4ndig in au\u00dfergerichtlichen und gerichtlichen Streitigkeiten jeder Art, bei verwaltungsrechtlichen Rechtsbehelfen auf nationaler wie EU-Ebene und im Rahmen von regulierungsrechtlichen Schiedsverfahren.<\/p>\n<p>Dies reicht beispielsweise von der Vertretung in komplexen vertragsrechtlichen Streitigkeiten mit Vertragspartnern, \u00fcber wettbewerbsrechtliche Streitigkeiten und umfangreichen Produkthaftungsverfahren bis hin zu regulatorischen Streitigkeiten mit Zulassungs- oder Aufsichtsbeh\u00f6rden sowie auch Vertretung in sozialgerichtlichen Verfahren betreffend Kostenerstattung. Viele dieser Verfahren betreffen Spezifika des jeweiligen Industriezweiges, bei denen wir unsere regulatorische Life Sciences-Expertise einbringen und vielfach Grundsatzverfahren und Musterverfahren f\u00fchren k\u00f6nnen, aber wir vertreten ebenso gut in allgemeinen vertragsrechtlichen Streitigkeiten, in denen vor allem unsere Prozessf\u00fchrungsexpertise gefragt ist.<\/p>\n<p>Wir verf\u00fcgen daher \u00fcber umfangreiche prozessrechtliche Erfahrungen in allen relevanten Gerichtszweigen, allen voran der Zivilgerichtsbarkeit, der Verwaltungsgerichtsbarkeit und der Sozialgerichtsbarkeit.<\/p>\n<p>Unsere T\u00e4tigkeit, gerade in Verfahren betreffend grunds\u00e4tzliche Fragestellungen mit gro\u00dfer Relevanz f\u00fcr die Industrie, umfasst dabei oftmals auch Verfahren durch mehrere Instanzen bis hin zu Bundesgerichtshof, Bundesverwaltungsgericht, Bundessozialgericht, Bundesverfassungsgericht und auch dem Europ\u00e4ischen Gerichtshof.<\/p>\n<p>Wir sind daher stolz auf unsere Erfahrung und Expertise im Bereich Prozessf\u00fchrung und stehen auch Ihnen gerne zur Seite. Dabei beginnt unsere T\u00e4tigkeit vielfach schon lange vor einer m\u00f6glichen gerichtlichen Auseinandersetzung, weshalb wir auch stets um eine au\u00dfergerichtliche Einigung bem\u00fcht sind. L\u00e4sst sich eine solche nicht erzielen, beraten wir Sie umfassend zu den Vor- und Nachteilen eines gerichtlichen Vorgehens und erarbeiten die f\u00fcr Sie passendste Strategie. In einem Gerichtsverfahren setzen wir uns sodann mit Sachverstand, Erfahrung und hohem Einsatz f\u00fcr Ihre Interessen ein.<\/p>\n<p>Sprechen Sie uns gerne an, wenn wir auch Ihre Interessen in streitigen Auseinandersetzungen vertreten sollen.<\/p>\n","protected":false},"excerpt":{"rendered":"<p>Unsere Rechtsanw\u00e4lte vertreten Mandanten aus dem Life Sciences-Bereich und angrenzenden Industrien st\u00e4ndig in au\u00dfergerichtlichen und gerichtlichen Streitigkeiten jeder Art, bei verwaltungsrechtlichen Rechtsbehelfen auf nationaler wie EU-Ebene und im Rahmen von regulierungsrechtlichen Schiedsverfahren. Dies reicht beispielsweise von der Vertretung in komplexen vertragsrechtlichen Streitigkeiten mit Vertragspartnern, \u00fcber wettbewerbsrechtliche Streitigkeiten und umfangreichen Produkthaftungsverfahren bis hin zu regulatorischen Streitigkeiten [&hellip;]<\/p>\n","protected":false},"author":1,"featured_media":0,"parent":6,"menu_order":1060,"comment_status":"closed","ping_status":"closed","template":"","meta":{"_acf_changed":false,"footnotes":""},"class_list":["post-35","page","type-page","status-publish","hentry"],"acf":[],"aioseo_notices":[],"_links":{"self":[{"href":"https:\/\/www.novacos-law.com\/de\/wp-json\/wp\/v2\/pages\/35","targetHints":{"allow":["GET"]}}],"collection":[{"href":"https:\/\/www.novacos-law.com\/de\/wp-json\/wp\/v2\/pages"}],"about":[{"href":"https:\/\/www.novacos-law.com\/de\/wp-json\/wp\/v2\/types\/page"}],"author":[{"embeddable":true,"href":"https:\/\/www.novacos-law.com\/de\/wp-json\/wp\/v2\/users\/1"}],"replies":[{"embeddable":true,"href":"https:\/\/www.novacos-law.com\/de\/wp-json\/wp\/v2\/comments?post=35"}],"version-history":[{"count":0,"href":"https:\/\/www.novacos-law.com\/de\/wp-json\/wp\/v2\/pages\/35\/revisions"}],"up":[{"embeddable":true,"href":"https:\/\/www.novacos-law.com\/de\/wp-json\/wp\/v2\/pages\/6"}],"wp:attachment":[{"href":"https:\/\/www.novacos-law.com\/de\/wp-json\/wp\/v2\/media?parent=35"}],"curies":[{"name":"wp","href":"https:\/\/api.w.org\/{rel}","templated":true}]}}