{"id":39,"date":"2016-02-16T17:56:23","date_gmt":"2016-02-16T16:56:23","guid":{"rendered":"http:\/\/www.novacos-law.com\/de\/?page_id=39"},"modified":"2026-02-19T10:01:27","modified_gmt":"2026-02-19T09:01:27","slug":"wer-wir-sind","status":"publish","type":"page","link":"https:\/\/www.novacos-law.com\/de\/wer-wir-sind\/","title":{"rendered":"Wer wir sind"},"content":{"rendered":"<h1 id=\"kanzlei\">Life Sciences in Practice. Unser Motto und unsere \u00dcberzeugung.<\/h1>\n<p>NOVACOS steht f\u00fcr erstklassige Rechtsberatung im Biotech-, Gesundheits- und Chemiesektor in Deutschland und dar\u00fcber hinaus. Eine Boutique-Kanzlei mit einem Fokus auf Arzneimittel, Medizinprodukte und Einrichtungen des Gesundheitswesens sowie auf Nahrungserg\u00e4nzungsmittel, Lebensmittel, Kosmetika und Chemikalien, einschlie\u00dflich Pflanzenschutzmittel und Biozide. NOVACOS kennt die sektorspezifischen Bed\u00fcrfnisse der Mandanten und erf\u00fcllt diese zielstrebig und effizient im Einklang mit h\u00f6chsten nationalen und internationalen Standards.<\/p>\n<p>Laut dem JUVE Handbuch kann NOVACOS &#8222;alle f\u00fcr die Branche wichtigen Themen bedienen&#8220; und hat sich &#8222;im Markt als echte Alternative zu Gro\u00dfkanzleien etabliert&#8220;. Bei den JUVE-AWARDS wurde NOVACOS im Jahr 2017 als \u201eKanzlei des Jahres f\u00fcr Regulierte Industrien&#8220; und als \u201eKanzlei des Jahres f\u00fcr Gesundheitswesen&#8220; ausgezeichnet; im Jahr 2018 erhielt die Kanzlei zudem den \u201eGr\u00fcnderzeit-Award&#8220;. Im aktuellen JUVE-Handbuch 2019\/2020 geh\u00f6rt NOVACOS zu den wenigen Kanzleien in Deutschland, bei denen Partner als f\u00fchrende Berater im Pharma- und Medizinprodukterecht gelistet werden. Auch von\u00a0dem renommierten internationalen Magazin The Legal 500 wird NOVACOS als herausragende Boutique-Kanzlei gelobt, die eine der f\u00fchrenden Soziet\u00e4ten auf dem Gebiet des Pharmarechts ist.<\/p>\n<p>Als moderne Rechtsanwaltskanzlei beraten wir insbesondere innovative Unternehmen aus dem Biotech-, Gesundheits- und Chemiesektor, unter ihnen<\/p>\n<ul>\n<li>Pharma- und Biotechnologieunternehmen<\/li>\n<li>Medizinprodukteunternehmen<\/li>\n<li>Krankenh\u00e4user, Pflegeheime und medizinische Versorgungszentren<\/li>\n<li>Lebensmittel-, Nahrungserg\u00e4nzungsmittel- und Kosmetikunternehmen<\/li>\n<li>Chemieunternehmen, einschlie\u00dflich Biozid- und Pflanzenschutzmittelherstellern<\/li>\n<li>Dienstleister und andere Markteilnehmer wie CROs, Hersteller, Gro\u00df- und Einzelh\u00e4ndler, Universit\u00e4ten, Homecare-Unternehmen etc.<\/li>\n<\/ul>\n<p>Weiterhin unterst\u00fctzen wir Investoren, Kapitalgeber und andere Dienstleister, die sich mit dem Gesundheitssektor auseinandersetzen, beispielsweise<\/p>\n<ul>\n<li>Rechtsanwaltskanzleien, die kein entsprechendes regulatorisches Team vorhalten<\/li>\n<li>Finanzinvestoren<\/li>\n<li>Banken<\/li>\n<li>andere Berater wie etwa Regulatory Consultants<\/li>\n<\/ul>\n<p>Unsere Dienste sind nicht auf bestimmte Bereiche oder Grenzen beschr\u00e4nkt. Mit einem Netzwerk aus Best Friend-Kanzleien in anderen L\u00e4ndern oder mit einem Schwerpunkt in anderen Rechtsbereichen sind wir in der Lage, unsere Mandanten auch bei fach\u00fcbergreifenden und internationalen F\u00e4llen und Projekten zu unterst\u00fctzen.<\/p>\n<h2 id=\"team\">Unser Team<\/h2>\n<p>Bei NOVACOS glauben wir daran, dass erstklassige Rechtsberatung von den Menschen abh\u00e4ngt, die beraten. NOVACOS, das sind:<\/p>\n<p><strong>Die Gr\u00fcndungspartner<\/strong><\/p>\n<ul>\n<li><a href=\"\/de\/wer-wir-sind\/maria-heil\/\">Maria Heil<\/a><\/li>\n<li><a href=\"\/de\/wer-wir-sind\/christian-huebner\/\">Christian H\u00fcbner<\/a><\/li>\n<li><a href=\"\/de\/wer-wir-sind\/alexander-natz\/\">Dr. Alexander Natz<\/a><\/li>\n<li><a href=\"\/de\/wer-wir-sind\/marc-oeben\/\">Dr. Marc Oeben<\/a><\/li>\n<li><a href=\"\/de\/wer-wir-sind\/christian-stallberg\/\">Dr. Christian Stallberg<\/a><\/li>\n<\/ul>\n<p><strong>Unsere angestellten Rechtsanw\u00e4lte<\/strong><\/p>\n<ul>\n<li style=\"list-style-type: none;\">\n<ul>\n<li><a href=\"\/de\/wer-wir-sind\/guram-gobechia\/\">Guram Gobechia<\/a><\/li>\n<li><a href=\"https:\/\/www.novacos-law.com\/de\/wer-wir-sind\/julia-eickbusch\/\">Dr. Julia Eickbusch<\/a><\/li>\n<li><a href=\"https:\/\/www.novacos-law.com\/de\/wer-wir-sind\/patrick-findeisen\/\">Patrick Findeisen<\/a><\/li>\n<li><a href=\"https:\/\/www.novacos-law.com\/de\/wer-wir-sind\/christian-binder\/\">Christian Binder<\/a><\/li>\n<li><a href=\"https:\/\/www.novacos-law.com\/de\/wer-wir-sind\/savannah-schulte\/\">Savannah Schulte<\/a><\/li>\n<li><a href=\"https:\/\/www.novacos-law.com\/de\/wer-wir-sind\/kathrin-leitges\/\">Kathrin Leitges<\/a><\/li>\n<li><a href=\"https:\/\/www.novacos-law.com\/de\/wer-wir-sind\/dr-luis-kemter\/\">Dr. Luis Kemter<\/a><\/li>\n<li><a href=\"https:\/\/www.novacos-law.com\/de\/wer-wir-sind\/antonio-chaves\/\">Antonio Chaves<\/a><\/li>\n<\/ul>\n<\/li>\n<\/ul>\n<p><strong>Unsere Assistenz<\/strong><\/p>\n<ul>\n<li><a href=\"\/de\/wer-wir-sind\/irene-weigel\/\">Irene Weigel<\/a><\/li>\n<li><a href=\"https:\/\/www.novacos-law.com\/de\/wer-wir-sind\/margarete-mueller\/\">Margarete M\u00fcller<\/a><\/li>\n<li><a href=\"https:\/\/www.novacos-law.com\/de\/wer-wir-sind\/michelle-janzen\/\">Michelle Janzen<\/a><\/li>\n<li><a href=\"https:\/\/www.novacos-law.com\/de\/wer-wir-sind\/alexandra-rauscher\/\">Alexandra Rauscher<\/a><\/li>\n<\/ul>\n<p>Unser Team hat umfangreiche Erfahrungen und einen langen Track Record bei der Beratung von Mandanten in allen Bereichen des Biotech-, Gesundheits- und Chemiesektors, seien es regulatorische Themen, die Vertretung von Mandanten vor Gericht oder Beh\u00f6rden, die Beratung in Bezug auf Market Access, Kostenerstattung, Produktsicherheit und Compliance oder komplexe branchenspezifische Vertr\u00e4ge und M&amp;A-Projekte. Wir vereinen Expertise, die wir bei f\u00fchrenden Rechtsanwaltskanzleien, Rechtsabteilungen und bei Verb\u00e4nden im Biotech-, Gesundheits- und Chemiesektor gewonnen haben.<\/p>\n<p>Unser Ziel ist es, gemeinsam die bestm\u00f6gliche Rechtsberatung effizient und praxisorientiert zu bieten. Mit Erfahrung, Kompetenz und Leidenschaft f\u00fcr unsere Arbeit wollen wir bei NOVACOS unseren Mandanten langfristig als zuverl\u00e4ssige und vertraute Berater zur Seite stehen.<\/p>\n","protected":false},"excerpt":{"rendered":"<p>Life Sciences in Practice. Unser Motto und unsere \u00dcberzeugung. NOVACOS steht f\u00fcr erstklassige Rechtsberatung im Biotech-, Gesundheits- und Chemiesektor in Deutschland und dar\u00fcber hinaus. Eine Boutique-Kanzlei mit einem Fokus auf Arzneimittel, Medizinprodukte und Einrichtungen des Gesundheitswesens sowie auf Nahrungserg\u00e4nzungsmittel, Lebensmittel, Kosmetika und Chemikalien, einschlie\u00dflich Pflanzenschutzmittel und Biozide. NOVACOS kennt die sektorspezifischen Bed\u00fcrfnisse der Mandanten und [&hellip;]<\/p>\n","protected":false},"author":1,"featured_media":0,"parent":0,"menu_order":2,"comment_status":"closed","ping_status":"closed","template":"page-team.php","meta":{"_acf_changed":false,"footnotes":""},"class_list":["post-39","page","type-page","status-publish","hentry"],"acf":[],"aioseo_notices":[],"_links":{"self":[{"href":"https:\/\/www.novacos-law.com\/de\/wp-json\/wp\/v2\/pages\/39","targetHints":{"allow":["GET"]}}],"collection":[{"href":"https:\/\/www.novacos-law.com\/de\/wp-json\/wp\/v2\/pages"}],"about":[{"href":"https:\/\/www.novacos-law.com\/de\/wp-json\/wp\/v2\/types\/page"}],"author":[{"embeddable":true,"href":"https:\/\/www.novacos-law.com\/de\/wp-json\/wp\/v2\/users\/1"}],"replies":[{"embeddable":true,"href":"https:\/\/www.novacos-law.com\/de\/wp-json\/wp\/v2\/comments?post=39"}],"version-history":[{"count":0,"href":"https:\/\/www.novacos-law.com\/de\/wp-json\/wp\/v2\/pages\/39\/revisions"}],"wp:attachment":[{"href":"https:\/\/www.novacos-law.com\/de\/wp-json\/wp\/v2\/media?parent=39"}],"curies":[{"name":"wp","href":"https:\/\/api.w.org\/{rel}","templated":true}]}}