{"id":4,"date":"2016-02-10T13:49:32","date_gmt":"2016-02-10T12:49:32","guid":{"rendered":"http:\/\/www.novacos.com\/de\/?page_id=4"},"modified":"2026-02-19T10:00:47","modified_gmt":"2026-02-19T09:00:47","slug":"home","status":"publish","type":"page","link":"https:\/\/www.novacos-law.com\/de\/","title":{"rendered":"Home"},"content":{"rendered":"<h1>NOVACOS steht f\u00fcr fokussierte Rechtsberatung in den Bereichen Gesundheit, Biotech und Chemie in Deutschland und dar\u00fcber hinaus.<\/h1>\n<h2>Unsere T\u00e4tigkeitsschwerpunkte sind:<\/h2>\n","protected":false},"excerpt":{"rendered":"<p>NOVACOS steht f\u00fcr fokussierte Rechtsberatung in den Bereichen Gesundheit, Biotech und Chemie in Deutschland und dar\u00fcber hinaus. Unsere T\u00e4tigkeitsschwerpunkte sind:<\/p>\n","protected":false},"author":1,"featured_media":0,"parent":0,"menu_order":1,"comment_status":"closed","ping_status":"closed","template":"","meta":{"_acf_changed":false,"footnotes":""},"class_list":["post-4","page","type-page","status-publish","hentry"],"acf":[],"aioseo_notices":[],"_links":{"self":[{"href":"https:\/\/www.novacos-law.com\/de\/wp-json\/wp\/v2\/pages\/4","targetHints":{"allow":["GET"]}}],"collection":[{"href":"https:\/\/www.novacos-law.com\/de\/wp-json\/wp\/v2\/pages"}],"about":[{"href":"https:\/\/www.novacos-law.com\/de\/wp-json\/wp\/v2\/types\/page"}],"author":[{"embeddable":true,"href":"https:\/\/www.novacos-law.com\/de\/wp-json\/wp\/v2\/users\/1"}],"replies":[{"embeddable":true,"href":"https:\/\/www.novacos-law.com\/de\/wp-json\/wp\/v2\/comments?post=4"}],"version-history":[{"count":0,"href":"https:\/\/www.novacos-law.com\/de\/wp-json\/wp\/v2\/pages\/4\/revisions"}],"wp:attachment":[{"href":"https:\/\/www.novacos-law.com\/de\/wp-json\/wp\/v2\/media?parent=4"}],"curies":[{"name":"wp","href":"https:\/\/api.w.org\/{rel}","templated":true}]}}