{"id":407,"date":"2018-12-07T19:04:50","date_gmt":"2018-12-07T18:04:50","guid":{"rendered":"https:\/\/www.novacos-law.com\/de\/?page_id=407"},"modified":"2026-02-18T15:52:23","modified_gmt":"2026-02-18T14:52:23","slug":"irene-weigel","status":"publish","type":"page","link":"https:\/\/www.novacos-law.com\/de\/wer-wir-sind\/irene-weigel\/","title":{"rendered":"Irene Weigel"},"content":{"rendered":"<p>Irene Weigel absolvierte in Osnabr\u00fcck ihre Ausbildung zur Rechtsanwalts- und Notarfachangestellten mit einer anschlie\u00dfenden Zusatzausbildung zur Fremdsprachenkorrespondentin. Ihre inzwischen mehr als 15 Jahre Berufserfahrung hat sie bei den international t\u00e4tigen Wirtschaftskanzleien Freshfields Bruckhaus Deringer sowie Clifford Chance gesammelt. Sie hat sich im Jahr 2022 erfolgreich zur gepr\u00fcften Rechtsfachwirtin fortgebildet.<\/p>\n<p>Irene Weigel ist seit August 2018 haupts\u00e4chlich im Bereich Office Management f\u00fcr NOVACOS t\u00e4tig.<\/p>\n<p>&nbsp;<\/p>\n","protected":false},"excerpt":{"rendered":"<p>Irene Weigel absolvierte in Osnabr\u00fcck ihre Ausbildung zur Rechtsanwalts- und Notarfachangestellten mit einer anschlie\u00dfenden Zusatzausbildung zur Fremdsprachenkorrespondentin. Ihre inzwischen mehr als 15 Jahre Berufserfahrung hat sie bei den international t\u00e4tigen Wirtschaftskanzleien Freshfields Bruckhaus Deringer sowie Clifford Chance gesammelt. Sie hat sich im Jahr 2022 erfolgreich zur gepr\u00fcften Rechtsfachwirtin fortgebildet. Irene Weigel ist seit August 2018 [&hellip;]<\/p>\n","protected":false},"author":5,"featured_media":0,"parent":39,"menu_order":15,"comment_status":"closed","ping_status":"closed","template":"page-teammember.php","meta":{"_acf_changed":false,"footnotes":""},"class_list":["post-407","page","type-page","status-publish","hentry"],"acf":[],"aioseo_notices":[],"_links":{"self":[{"href":"https:\/\/www.novacos-law.com\/de\/wp-json\/wp\/v2\/pages\/407","targetHints":{"allow":["GET"]}}],"collection":[{"href":"https:\/\/www.novacos-law.com\/de\/wp-json\/wp\/v2\/pages"}],"about":[{"href":"https:\/\/www.novacos-law.com\/de\/wp-json\/wp\/v2\/types\/page"}],"author":[{"embeddable":true,"href":"https:\/\/www.novacos-law.com\/de\/wp-json\/wp\/v2\/users\/5"}],"replies":[{"embeddable":true,"href":"https:\/\/www.novacos-law.com\/de\/wp-json\/wp\/v2\/comments?post=407"}],"version-history":[{"count":0,"href":"https:\/\/www.novacos-law.com\/de\/wp-json\/wp\/v2\/pages\/407\/revisions"}],"up":[{"embeddable":true,"href":"https:\/\/www.novacos-law.com\/de\/wp-json\/wp\/v2\/pages\/39"}],"wp:attachment":[{"href":"https:\/\/www.novacos-law.com\/de\/wp-json\/wp\/v2\/media?parent=407"}],"curies":[{"name":"wp","href":"https:\/\/api.w.org\/{rel}","templated":true}]}}