{"id":580,"date":"2020-11-04T17:58:25","date_gmt":"2020-11-04T16:58:25","guid":{"rendered":"https:\/\/www.novacos-law.com\/de\/?page_id=580"},"modified":"2025-09-03T09:59:36","modified_gmt":"2025-09-03T07:59:36","slug":"guram-gobechia","status":"publish","type":"page","link":"https:\/\/www.novacos-law.com\/de\/wer-wir-sind\/guram-gobechia\/","title":{"rendered":"Guram Gobechia"},"content":{"rendered":"<p>Guram Gobechia verf\u00fcgt \u00fcber juristische Abschl\u00fcsse sowohl in Deutschland als auch in Georgien.<\/p>\n<p>Nachdem er das Jurastudium an der Staatlichen Universit\u00e4t Tiflis beendete, kam er nach Deutschland, studierte an der Albert-Ludwigs-Universit\u00e4t Freiburg und absolvierte die erste juristische Staatspr\u00fcfung in Freiburg i. Br. mit einem Schwerpunkt in Rechtsvergleichung.<\/p>\n<p>Die zweite juristische Staatspr\u00fcfung absolvierte Herr Gobechia in Nordrhein-Westfalen. W\u00e4hrend des Referendariats war er u. a. einer Zivilkammer des Landgerichts M\u00f6nchengladbach zugewiesen, die sich mit gesundheitsrechtlichen Streitigkeiten befasste. Neben dem Referendariat war er bei einer renommierten D\u00fcsseldorfer Wirtschaftskanzlei als wissenschaftlicher Mitarbeiter t\u00e4tig.<\/p>\n<p>Seit Sommer 2020 ist Guram Gobechia zugelassener Rechtsanwalt und Teil des NOVACOS Teams.<\/p>\n","protected":false},"excerpt":{"rendered":"<p>Guram Gobechia verf\u00fcgt \u00fcber juristische Abschl\u00fcsse sowohl in Deutschland als auch in Georgien. Nachdem er das Jurastudium an der Staatlichen Universit\u00e4t Tiflis beendete, kam er nach Deutschland, studierte an der Albert-Ludwigs-Universit\u00e4t Freiburg und absolvierte die erste juristische Staatspr\u00fcfung in Freiburg i. Br. mit einem Schwerpunkt in Rechtsvergleichung. Die zweite juristische Staatspr\u00fcfung absolvierte Herr Gobechia in [&hellip;]<\/p>\n","protected":false},"author":5,"featured_media":0,"parent":39,"menu_order":7,"comment_status":"closed","ping_status":"closed","template":"page-teammember.php","meta":{"_acf_changed":false,"footnotes":""},"class_list":["post-580","page","type-page","status-publish","hentry"],"acf":[],"aioseo_notices":[],"_links":{"self":[{"href":"https:\/\/www.novacos-law.com\/de\/wp-json\/wp\/v2\/pages\/580","targetHints":{"allow":["GET"]}}],"collection":[{"href":"https:\/\/www.novacos-law.com\/de\/wp-json\/wp\/v2\/pages"}],"about":[{"href":"https:\/\/www.novacos-law.com\/de\/wp-json\/wp\/v2\/types\/page"}],"author":[{"embeddable":true,"href":"https:\/\/www.novacos-law.com\/de\/wp-json\/wp\/v2\/users\/5"}],"replies":[{"embeddable":true,"href":"https:\/\/www.novacos-law.com\/de\/wp-json\/wp\/v2\/comments?post=580"}],"version-history":[{"count":0,"href":"https:\/\/www.novacos-law.com\/de\/wp-json\/wp\/v2\/pages\/580\/revisions"}],"up":[{"embeddable":true,"href":"https:\/\/www.novacos-law.com\/de\/wp-json\/wp\/v2\/pages\/39"}],"wp:attachment":[{"href":"https:\/\/www.novacos-law.com\/de\/wp-json\/wp\/v2\/media?parent=580"}],"curies":[{"name":"wp","href":"https:\/\/api.w.org\/{rel}","templated":true}]}}