{"id":6,"date":"2016-02-10T13:49:50","date_gmt":"2016-02-10T12:49:50","guid":{"rendered":"http:\/\/www.novacos.com\/de\/?page_id=6"},"modified":"2019-12-28T12:25:11","modified_gmt":"2019-12-28T11:25:11","slug":"was-wir-machen","status":"publish","type":"page","link":"https:\/\/www.novacos-law.com\/de\/was-wir-machen\/","title":{"rendered":"Was wir machen"},"content":{"rendered":"<h1>Wir haben umfangreiche Erfahrung bei der Beratung in allen Bereichen des Gesundheitswesens.<\/h1>\n<p>Das\u00a0Beratungsspektrum unserer Kanzlei reicht von den Bereichen Arzneimittel, Medizinprodukte und Einrichtungen des Gesundheitswesens bis hin zu\u00a0Nahrungs\u00aderg\u00e4nzungsmitteln, Lebensmitteln, Kosmetika und Chemikalien, einschlie\u00dflich Pflanzenschutzmittel und Biozide.\u00a0Unser Ziel ist es, unsere Mandanten in diesen Bereichen mit Erfahrung, Kompetenz und Leidenschaft f\u00fcr unsere Arbeit langfristig als vertraute Berater zu unterst\u00fctzen. Als unternehmerisch denkende Rechtsanw\u00e4lte m\u00f6chten wir einen echten Mehrwert f\u00fcr unsere Mandanten schaffen.<\/p>\n<p>Dabei verfolgen wir einen ganzheitlichen Beratungsansatz entlang des Lebenszyklus eines Produktes, von der Entwicklung \u00fcber die Vermarktung bis hin zu einem m\u00f6glichen Verkauf des Produktes.\u00a0Unsere T\u00e4tigkeitsschwerpunkte sind vor allem\u00a0die folgenden Rechtsbereiche:<\/p>\n","protected":false},"excerpt":{"rendered":"<p>Wir haben umfangreiche Erfahrung bei der Beratung in allen Bereichen des Gesundheitswesens. Das\u00a0Beratungsspektrum unserer Kanzlei reicht von den Bereichen Arzneimittel, Medizinprodukte und Einrichtungen des Gesundheitswesens bis hin zu\u00a0Nahrungs\u00aderg\u00e4nzungsmitteln, Lebensmitteln, Kosmetika und Chemikalien, einschlie\u00dflich Pflanzenschutzmittel und Biozide.\u00a0Unser Ziel ist es, unsere Mandanten in diesen Bereichen mit Erfahrung, Kompetenz und Leidenschaft f\u00fcr unsere Arbeit langfristig als vertraute [&hellip;]<\/p>\n","protected":false},"author":1,"featured_media":0,"parent":0,"menu_order":3,"comment_status":"closed","ping_status":"closed","template":"page-portfolio.php","meta":{"_acf_changed":false,"footnotes":""},"class_list":["post-6","page","type-page","status-publish","hentry"],"acf":[],"aioseo_notices":[],"_links":{"self":[{"href":"https:\/\/www.novacos-law.com\/de\/wp-json\/wp\/v2\/pages\/6","targetHints":{"allow":["GET"]}}],"collection":[{"href":"https:\/\/www.novacos-law.com\/de\/wp-json\/wp\/v2\/pages"}],"about":[{"href":"https:\/\/www.novacos-law.com\/de\/wp-json\/wp\/v2\/types\/page"}],"author":[{"embeddable":true,"href":"https:\/\/www.novacos-law.com\/de\/wp-json\/wp\/v2\/users\/1"}],"replies":[{"embeddable":true,"href":"https:\/\/www.novacos-law.com\/de\/wp-json\/wp\/v2\/comments?post=6"}],"version-history":[{"count":0,"href":"https:\/\/www.novacos-law.com\/de\/wp-json\/wp\/v2\/pages\/6\/revisions"}],"wp:attachment":[{"href":"https:\/\/www.novacos-law.com\/de\/wp-json\/wp\/v2\/media?parent=6"}],"curies":[{"name":"wp","href":"https:\/\/api.w.org\/{rel}","templated":true}]}}