{"id":626,"date":"2021-03-01T12:42:44","date_gmt":"2021-03-01T11:42:44","guid":{"rendered":"https:\/\/www.novacos-law.com\/de\/?page_id=626"},"modified":"2023-03-07T10:53:46","modified_gmt":"2023-03-07T09:53:46","slug":"julia-eickbusch","status":"publish","type":"page","link":"https:\/\/www.novacos-law.com\/de\/wer-wir-sind\/julia-eickbusch\/","title":{"rendered":"Dr. Julia Eickbusch"},"content":{"rendered":"<p>Dr. Julia Eickbusch studierte Rechtswissenschaften an der Philipps-Universit\u00e4t Marburg mit dem Schwerpunkt im Medizin- und Pharmarecht. W\u00e4hrend ihres Studiums absolvierte sie zudem eine Zusatzqualifikation im Pharmarecht.<\/p>\n<p>Nach dem ersten Staatsexamen verfasste sie ihre Dissertation zum Thema &#8222;Die Zweckbestimmung von Medizinprodukten und ihre Auswirkung auf Haftung und Verantwortlichkeit von Anwender und Betreiber&#8220;, welche 2020 mit dem Wissenschaftpreis Medizinprodukterecht der Universit\u00e4t Augsburg und dem Promotionspreis des Fachbereichs Rechtswissenschaften der Philipps-Universit\u00e4t Marburg ausgezeichnet wurde. Promotionsbegleitend war sie als wissenschaftliche Mitarbeiterin am Lehrstuhl von Prof. Dr. Wolfgang Voit in Marburg in der Forschungsstelle Pharmarecht und in der internationalen Wirtschaftskanzlei Clifford Chance im Bereich &#8222;Healthcare, Life Sciences &amp; Chemical&#8220; in D\u00fcsseldorf t\u00e4tig.<\/p>\n<p>Das Rechtsreferendariat absolvierte sie am Landgericht M\u00f6nchengladbach mit Stationen u.a. beim Bundesministerium f\u00fcr Gesundheit in Bonn und bei Clifford Chance.<\/p>\n<p>Seit M\u00e4rz 2021 ist Dr. Julia Eickbusch als Rechtsanw\u00e4ltin zugelassen und bei NOVACOS t\u00e4tig.<\/p>\n","protected":false},"excerpt":{"rendered":"<p>Dr. Julia Eickbusch studierte Rechtswissenschaften an der Philipps-Universit\u00e4t Marburg mit dem Schwerpunkt im Medizin- und Pharmarecht. W\u00e4hrend ihres Studiums absolvierte sie zudem eine Zusatzqualifikation im Pharmarecht. Nach dem ersten Staatsexamen verfasste sie ihre Dissertation zum Thema &#8222;Die Zweckbestimmung von Medizinprodukten und ihre Auswirkung auf Haftung und Verantwortlichkeit von Anwender und Betreiber&#8220;, welche 2020 mit dem [&hellip;]<\/p>\n","protected":false},"author":8,"featured_media":0,"parent":39,"menu_order":9,"comment_status":"closed","ping_status":"closed","template":"page-teammember.php","meta":{"_acf_changed":false,"footnotes":""},"class_list":["post-626","page","type-page","status-publish","hentry"],"acf":[],"aioseo_notices":[],"_links":{"self":[{"href":"https:\/\/www.novacos-law.com\/de\/wp-json\/wp\/v2\/pages\/626","targetHints":{"allow":["GET"]}}],"collection":[{"href":"https:\/\/www.novacos-law.com\/de\/wp-json\/wp\/v2\/pages"}],"about":[{"href":"https:\/\/www.novacos-law.com\/de\/wp-json\/wp\/v2\/types\/page"}],"author":[{"embeddable":true,"href":"https:\/\/www.novacos-law.com\/de\/wp-json\/wp\/v2\/users\/8"}],"replies":[{"embeddable":true,"href":"https:\/\/www.novacos-law.com\/de\/wp-json\/wp\/v2\/comments?post=626"}],"version-history":[{"count":0,"href":"https:\/\/www.novacos-law.com\/de\/wp-json\/wp\/v2\/pages\/626\/revisions"}],"up":[{"embeddable":true,"href":"https:\/\/www.novacos-law.com\/de\/wp-json\/wp\/v2\/pages\/39"}],"wp:attachment":[{"href":"https:\/\/www.novacos-law.com\/de\/wp-json\/wp\/v2\/media?parent=626"}],"curies":[{"name":"wp","href":"https:\/\/api.w.org\/{rel}","templated":true}]}}