{"id":656,"date":"2021-05-27T10:12:27","date_gmt":"2021-05-27T08:12:27","guid":{"rendered":"https:\/\/www.novacos-law.com\/de\/?page_id=656"},"modified":"2023-10-18T12:42:51","modified_gmt":"2023-10-18T10:42:51","slug":"patrick-findeisen","status":"publish","type":"page","link":"https:\/\/www.novacos-law.com\/de\/wer-wir-sind\/patrick-findeisen\/","title":{"rendered":"Patrick Findeisen"},"content":{"rendered":"<p>Patrick Findeisen studierte Rechtswissenschaften an der Georg-August-Universit\u00e4t G\u00f6ttingen mit dem Schwerpunkt im Medizinrecht.<\/p>\n<p>Nach dem Ersten Staatsexamen schloss er sich im April 2018 erstmals dem NOVACOS-Team als wissenschaftlicher Mitarbeiter an. Das Rechtsreferendariat absolvierte Patrick Findeisen am Landgericht Duisburg mit Stationen u. a. beim Bundesministerium f\u00fcr Gesundheit in Bonn sowie in der Rechtsabteilung eines international t\u00e4tigen Versicherungskonzerns in D\u00fcsseldorf. W\u00e4hrend seines Referendariats arbeitete er weiterhin als wissenschaftlicher Mitarbeiter f\u00fcr NOVACOS.<\/p>\n<p>Seit Juni 2021 ist Patrick Findeisen als Rechtsanwalt zugelassen und seitdem wieder Teil des NOVACOS Teams.<\/p>\n<p>&nbsp;<\/p>\n","protected":false},"excerpt":{"rendered":"<p>Patrick Findeisen studierte Rechtswissenschaften an der Georg-August-Universit\u00e4t G\u00f6ttingen mit dem Schwerpunkt im Medizinrecht. Nach dem Ersten Staatsexamen schloss er sich im April 2018 erstmals dem NOVACOS-Team als wissenschaftlicher Mitarbeiter an. Das Rechtsreferendariat absolvierte Patrick Findeisen am Landgericht Duisburg mit Stationen u. a. beim Bundesministerium f\u00fcr Gesundheit in Bonn sowie in der Rechtsabteilung eines international t\u00e4tigen [&hellip;]<\/p>\n","protected":false},"author":8,"featured_media":0,"parent":39,"menu_order":10,"comment_status":"closed","ping_status":"closed","template":"page-teammember.php","meta":{"_acf_changed":false,"footnotes":""},"class_list":["post-656","page","type-page","status-publish","hentry"],"acf":[],"aioseo_notices":[],"_links":{"self":[{"href":"https:\/\/www.novacos-law.com\/de\/wp-json\/wp\/v2\/pages\/656","targetHints":{"allow":["GET"]}}],"collection":[{"href":"https:\/\/www.novacos-law.com\/de\/wp-json\/wp\/v2\/pages"}],"about":[{"href":"https:\/\/www.novacos-law.com\/de\/wp-json\/wp\/v2\/types\/page"}],"author":[{"embeddable":true,"href":"https:\/\/www.novacos-law.com\/de\/wp-json\/wp\/v2\/users\/8"}],"replies":[{"embeddable":true,"href":"https:\/\/www.novacos-law.com\/de\/wp-json\/wp\/v2\/comments?post=656"}],"version-history":[{"count":0,"href":"https:\/\/www.novacos-law.com\/de\/wp-json\/wp\/v2\/pages\/656\/revisions"}],"up":[{"embeddable":true,"href":"https:\/\/www.novacos-law.com\/de\/wp-json\/wp\/v2\/pages\/39"}],"wp:attachment":[{"href":"https:\/\/www.novacos-law.com\/de\/wp-json\/wp\/v2\/media?parent=656"}],"curies":[{"name":"wp","href":"https:\/\/api.w.org\/{rel}","templated":true}]}}