{"id":695,"date":"2022-05-23T10:03:03","date_gmt":"2022-05-23T08:03:03","guid":{"rendered":"https:\/\/www.novacos-law.com\/de\/?page_id=695"},"modified":"2024-06-10T10:50:18","modified_gmt":"2024-06-10T08:50:18","slug":"christian-binder","status":"publish","type":"page","link":"https:\/\/www.novacos-law.com\/de\/wer-wir-sind\/christian-binder\/","title":{"rendered":"Christian Binder"},"content":{"rendered":"<p>Christian Binder studierte Rechtswissenschaften an der Georg-August-Universit\u00e4t in G\u00f6ttingen mit dem Schwerpunkt im Bereich Medizinrecht, wo er sich insbesondere vertieft mit arzneimittelrechtlichen Fragestellungen befasste.<\/p>\n<p>Nach dem ersten Staatsexamen absolvierte Christian Binder sein Referendariat in Nordrhein-Westfalen am Landgericht M\u00fcnster. Im Rahmen dessen war er unter anderem in der Rechtsabteilung der \u00c4rztekammer Westfalen-Lippe in M\u00fcnster, dem Bundesministerium f\u00fcr Gesundheit in Berlin sowie bei NOVACOS selbst als Referendar t\u00e4tig.<\/p>\n<p>Seit dem Fr\u00fchjahr 2022 ist Christian Binder als Rechtsanwalt zugelassen und wieder Teil des NOVACOS-Teams.<\/p>\n","protected":false},"excerpt":{"rendered":"<p>Christian Binder studierte Rechtswissenschaften an der Georg-August-Universit\u00e4t in G\u00f6ttingen mit dem Schwerpunkt im Bereich Medizinrecht, wo er sich insbesondere vertieft mit arzneimittelrechtlichen Fragestellungen befasste. Nach dem ersten Staatsexamen absolvierte Christian Binder sein Referendariat in Nordrhein-Westfalen am Landgericht M\u00fcnster. Im Rahmen dessen war er unter anderem in der Rechtsabteilung der \u00c4rztekammer Westfalen-Lippe in M\u00fcnster, dem Bundesministerium [&hellip;]<\/p>\n","protected":false},"author":8,"featured_media":0,"parent":39,"menu_order":12,"comment_status":"closed","ping_status":"closed","template":"page-teammember.php","meta":{"_acf_changed":false,"footnotes":""},"class_list":["post-695","page","type-page","status-publish","hentry"],"acf":[],"aioseo_notices":[],"_links":{"self":[{"href":"https:\/\/www.novacos-law.com\/de\/wp-json\/wp\/v2\/pages\/695","targetHints":{"allow":["GET"]}}],"collection":[{"href":"https:\/\/www.novacos-law.com\/de\/wp-json\/wp\/v2\/pages"}],"about":[{"href":"https:\/\/www.novacos-law.com\/de\/wp-json\/wp\/v2\/types\/page"}],"author":[{"embeddable":true,"href":"https:\/\/www.novacos-law.com\/de\/wp-json\/wp\/v2\/users\/8"}],"replies":[{"embeddable":true,"href":"https:\/\/www.novacos-law.com\/de\/wp-json\/wp\/v2\/comments?post=695"}],"version-history":[{"count":0,"href":"https:\/\/www.novacos-law.com\/de\/wp-json\/wp\/v2\/pages\/695\/revisions"}],"up":[{"embeddable":true,"href":"https:\/\/www.novacos-law.com\/de\/wp-json\/wp\/v2\/pages\/39"}],"wp:attachment":[{"href":"https:\/\/www.novacos-law.com\/de\/wp-json\/wp\/v2\/media?parent=695"}],"curies":[{"name":"wp","href":"https:\/\/api.w.org\/{rel}","templated":true}]}}