{"id":702,"date":"2022-08-08T13:45:16","date_gmt":"2022-08-08T11:45:16","guid":{"rendered":"https:\/\/www.novacos-law.com\/de\/?page_id=702"},"modified":"2026-02-19T09:14:27","modified_gmt":"2026-02-19T08:14:27","slug":"margarete-mueller","status":"publish","type":"page","link":"https:\/\/www.novacos-law.com\/de\/wer-wir-sind\/margarete-mueller\/","title":{"rendered":"Margarete M\u00fcller"},"content":{"rendered":"<p>Margarete M\u00fcller absolvierte ihre Ausbildung zur Rechtsanwalts- und Notarfachangestellten in Hamm. Ihre inzwischen mehr als 25j\u00e4hrige Berufserfahrung hat sie in zwei kleineren mittelst\u00e4ndischen Rechtsanwaltskanzleien mit unterschiedlichen Rechtsgebieten gesammelt und sich im Jahr 2022 erfolgreich zur gepr\u00fcften Rechtsfachwirtin fortgebildet.<\/p>\n<p>Sie ist seit August 2022 als Team-Assistentin f\u00fcr NOVACOS t\u00e4tig.<\/p>\n","protected":false},"excerpt":{"rendered":"<p>Margarete M\u00fcller absolvierte ihre Ausbildung zur Rechtsanwalts- und Notarfachangestellten in Hamm. Ihre inzwischen mehr als 25j\u00e4hrige Berufserfahrung hat sie in zwei kleineren mittelst\u00e4ndischen Rechtsanwaltskanzleien mit unterschiedlichen Rechtsgebieten gesammelt und sich im Jahr 2022 erfolgreich zur gepr\u00fcften Rechtsfachwirtin fortgebildet. Sie ist seit August 2022 als Team-Assistentin f\u00fcr NOVACOS t\u00e4tig.<\/p>\n","protected":false},"author":8,"featured_media":0,"parent":39,"menu_order":16,"comment_status":"closed","ping_status":"closed","template":"page-teammember.php","meta":{"_acf_changed":false,"footnotes":""},"class_list":["post-702","page","type-page","status-publish","hentry"],"acf":[],"aioseo_notices":[],"_links":{"self":[{"href":"https:\/\/www.novacos-law.com\/de\/wp-json\/wp\/v2\/pages\/702","targetHints":{"allow":["GET"]}}],"collection":[{"href":"https:\/\/www.novacos-law.com\/de\/wp-json\/wp\/v2\/pages"}],"about":[{"href":"https:\/\/www.novacos-law.com\/de\/wp-json\/wp\/v2\/types\/page"}],"author":[{"embeddable":true,"href":"https:\/\/www.novacos-law.com\/de\/wp-json\/wp\/v2\/users\/8"}],"replies":[{"embeddable":true,"href":"https:\/\/www.novacos-law.com\/de\/wp-json\/wp\/v2\/comments?post=702"}],"version-history":[{"count":0,"href":"https:\/\/www.novacos-law.com\/de\/wp-json\/wp\/v2\/pages\/702\/revisions"}],"up":[{"embeddable":true,"href":"https:\/\/www.novacos-law.com\/de\/wp-json\/wp\/v2\/pages\/39"}],"wp:attachment":[{"href":"https:\/\/www.novacos-law.com\/de\/wp-json\/wp\/v2\/media?parent=702"}],"curies":[{"name":"wp","href":"https:\/\/api.w.org\/{rel}","templated":true}]}}