{"id":775,"date":"2023-11-21T11:24:51","date_gmt":"2023-11-21T10:24:51","guid":{"rendered":"https:\/\/www.novacos-law.com\/de\/?page_id=775"},"modified":"2023-11-21T11:31:40","modified_gmt":"2023-11-21T10:31:40","slug":"nahrungsergaenzung-kosmetika","status":"publish","type":"page","link":"https:\/\/www.novacos-law.com\/de\/was-wir-machen\/nahrungsergaenzung-kosmetika\/","title":{"rendered":"Nahrungserg\u00e4nzung &#038; Kosmetika"},"content":{"rendered":"<h3>Nahrungserg\u00e4nzungsmittel<\/h3>\n<p>Lebensmittel unterliegen einer stetig strenger werdenden Regulierung auf europ\u00e4ischer und nationaler Ebene. Dies betrifft neben den allgemeinen Lebensmitteln insbesondere den Bereich der Nahrungserg\u00e4nzungsmittel und di\u00e4tischen Produkte.<\/p>\n<p>Aufgrund der stofflichen Zusammensetzung von Nahrungserg\u00e4nzungsmitteln bzw. di\u00e4tischen Produkten treten regelm\u00e4\u00dfig Fragen bei den verwendeten N\u00e4hrstoffen sowie der Abgrenzung der Produkte etwa zu Arzneimitteln auf.<\/p>\n<p>Auch die Kennzeichnung dieser Produkte ist im Sinne gr\u00f6\u00dftm\u00f6glicher Transparenz und Information der Verbraucher umfassend reguliert.<\/p>\n<p>Pflichtangaben k\u00f6nnen sich z. B. aus spezialgesetzlichen Vorschriften wie der Lebensmittelinformationsverordnung, ergeben. Auch freiwillige Angaben unterliegen oftmals einem engen regulatorischen Rahmen, etwa im Bereich der gesundheits- oder n\u00e4hrwertbezogenen Angaben (Stichwort \u201eHealth Claims\u201c).<\/p>\n<p>Auch kleinere Ungenauigkeiten k\u00f6nnen dabei schwere Konsequenzen und Vertriebsverbote durch Wettbewerber oder Beh\u00f6rden zur Folge haben. Mit unserer umfassenden Expertise sorgen wir f\u00fcr eine rechtssichere Gestaltung der Verpackung und etwaiger begleitender Informationen.<\/p>\n<p>Unsere Beratung im Bereich der Lebensmittel und Nahrungserg\u00e4nzungsmittel umfasst insbesondere:<\/p>\n<ul>\n<li>Begleitung der Entwicklung von Nahrungserg\u00e4nzungsmitteln,<\/li>\n<li>Bewertung der Verkehrsf\u00e4higkeit der Zusammensetzung, insbesondere im Hinblick auf N\u00e4hrstoffe sowie Anwendbarkeit der Novel Food Verordnung,<\/li>\n<li>Abgrenzung zu anderen Produkten (insbesondere Arzneimitteln),<\/li>\n<li>Herstellung nebst Verantwortungsabgrenzung und -vertr\u00e4gen),<\/li>\n<li>Kennzeichnung von Lebensmitteln<\/li>\n<li>Pr\u00fcfung der Werbung und Angaben (insbesondere hinsichtlich der Health Claims Verordnung),<\/li>\n<li>Vertragsgestaltung mit Vertriebspartner und \u2013wegen,<\/li>\n<li>Vertretung in beh\u00f6rdlichen Beanstandungsverfahren (au\u00dfergerichtliche und gerichtliche Vertretung, auch in Bu\u00dfgeldverfahren<\/li>\n<\/ul>\n<h3>Kosmetikrecht<\/h3>\n<p>Auch kosmetische Mittel unterliegen hinsichtlich ihrer stofflichen Zusammensetzung, der Herstellung, Kennzeichnung, Bewerbung, des Vertriebes und der \u00dcberwachung umfangreichen europ\u00e4ischen und nationalen Regelwerken. Die Gesetzgebung ist im Fluss und unterliegt regelm\u00e4\u00dfigen Novellierungen. Hintergrund ist auch hier die Sicherheit der Verbraucher. Daneben treten aufgrund der stofflichen Zusammensetzung Fragen bei der Abgrenzung der Produkte etwa zu Medizinprodukten oder Arzneimitteln auf.<br \/>\nMit unserer langj\u00e4hrigen Erfahrung im Zusammenhang mit der Beratung bei dem Vertrieb von kosmetischen Mitteln unterst\u00fctzen wir Unternehmen (verantwortliche Hersteller und H\u00e4ndler) insbesondere in den folgenden Bereichen:<\/p>\n<ul>\n<li>Entwicklung eines Kosmetikproduktes,<\/li>\n<li>Bewertung der Verkehrsf\u00e4higkeit der stofflichen Zusammensetzung,<\/li>\n<li>Abgrenzung zu anderen Produkten, wie etwa Medizinprodukten, Arzneimitteln oder Bioziden,<\/li>\n<li>Herstellung nebst Verantwortungsabgrenzung und -vertr\u00e4gen,<\/li>\n<li>Kennzeichnung von kosmetischen Mitteln und ihrer Bestandteile (z.B. Duftstoffe),<\/li>\n<li>Pr\u00fcfung der Werbung,<\/li>\n<li>Vertragsgestaltung mit Vertriebspartnern,<\/li>\n<li>Pr\u00fcfung der Zul\u00e4ssigkeit von \u00fcber den Grundnutzen hinausgehende Produktangaben<\/li>\n<li>Pr\u00fcfung m\u00f6glicher erweiterte Produktinformationen<\/li>\n<li>Vertretung in beh\u00f6rdlichen Beanstandungsverfahren (au\u00dfergerichtliche und gerichtliche Vertretung, auch in Bu\u00dfgeldverfahren)<\/li>\n<\/ul>\n","protected":false},"excerpt":{"rendered":"<p>Nahrungserg\u00e4nzungsmittel Lebensmittel unterliegen einer stetig strenger werdenden Regulierung auf europ\u00e4ischer und nationaler Ebene. Dies betrifft neben den allgemeinen Lebensmitteln insbesondere den Bereich der Nahrungserg\u00e4nzungsmittel und di\u00e4tischen Produkte. Aufgrund der stofflichen Zusammensetzung von Nahrungserg\u00e4nzungsmitteln bzw. di\u00e4tischen Produkten treten regelm\u00e4\u00dfig Fragen bei den verwendeten N\u00e4hrstoffen sowie der Abgrenzung der Produkte etwa zu Arzneimitteln auf. Auch die Kennzeichnung [&hellip;]<\/p>\n","protected":false},"author":1,"featured_media":0,"parent":6,"menu_order":1110,"comment_status":"closed","ping_status":"closed","template":"","meta":{"_acf_changed":false,"footnotes":""},"class_list":["post-775","page","type-page","status-publish","hentry"],"acf":[],"aioseo_notices":[],"_links":{"self":[{"href":"https:\/\/www.novacos-law.com\/de\/wp-json\/wp\/v2\/pages\/775","targetHints":{"allow":["GET"]}}],"collection":[{"href":"https:\/\/www.novacos-law.com\/de\/wp-json\/wp\/v2\/pages"}],"about":[{"href":"https:\/\/www.novacos-law.com\/de\/wp-json\/wp\/v2\/types\/page"}],"author":[{"embeddable":true,"href":"https:\/\/www.novacos-law.com\/de\/wp-json\/wp\/v2\/users\/1"}],"replies":[{"embeddable":true,"href":"https:\/\/www.novacos-law.com\/de\/wp-json\/wp\/v2\/comments?post=775"}],"version-history":[{"count":0,"href":"https:\/\/www.novacos-law.com\/de\/wp-json\/wp\/v2\/pages\/775\/revisions"}],"up":[{"embeddable":true,"href":"https:\/\/www.novacos-law.com\/de\/wp-json\/wp\/v2\/pages\/6"}],"wp:attachment":[{"href":"https:\/\/www.novacos-law.com\/de\/wp-json\/wp\/v2\/media?parent=775"}],"curies":[{"name":"wp","href":"https:\/\/api.w.org\/{rel}","templated":true}]}}