{"id":782,"date":"2024-01-12T11:31:07","date_gmt":"2024-01-12T10:31:07","guid":{"rendered":"https:\/\/www.novacos-law.com\/de\/?page_id=782"},"modified":"2026-03-03T14:24:57","modified_gmt":"2026-03-03T13:24:57","slug":"savannah-schulte","status":"publish","type":"page","link":"https:\/\/www.novacos-law.com\/de\/wer-wir-sind\/savannah-schulte\/","title":{"rendered":"Savannah Schulte"},"content":{"rendered":"<p>Savannah Schulte studierte Rechtswissenschaften an der Christian-Albrechts-Universit\u00e4t in Kiel mit dem Schwerpunkt im Bereich des Gesundheitsrechts.<\/p>\n<p>Nach ihrem ersten Staatsexamen arbeitete sie als wissenschaftliche Mitarbeiterin in einer auf Pharma- und Lebensmittelrecht spezialisierten Kanzlei in Hamburg. Parallel dazu absolvierte sie berufsbegleitend einen LL.M.-Studiengang im Pharmarecht an der Philipps Universit\u00e4t Marburg und schrieb ihre Masterthesis \u00fcber die Beweissituation im Rahmen der Arzneimittelhaftung.<\/p>\n<p>W\u00e4hrend ihres Rechtsreferendariats am Landgericht Stade in Niedersachsen war Savannah Schulte unter anderem in einem internationalen Pharmakonzern in M\u00fcnchen sowie im Justiziariat einer gro\u00dfen Krankenversicherung in Hamburg als Referendarin t\u00e4tig. W\u00e4hrenddessen arbeitete sie weiterhin als wissenschaftliche Mitarbeiterin in Hamburg.<\/p>\n<p>Seit Dezember 2023 ist Savannah Schulte als Rechtsanw\u00e4ltin zugelassen und Teil des NOVACOS-Teams.<\/p>\n","protected":false},"excerpt":{"rendered":"<p>Savannah Schulte studierte Rechtswissenschaften an der Christian-Albrechts-Universit\u00e4t in Kiel mit dem Schwerpunkt im Bereich des Gesundheitsrechts. Nach ihrem ersten Staatsexamen arbeitete sie als wissenschaftliche Mitarbeiterin in einer auf Pharma- und Lebensmittelrecht spezialisierten Kanzlei in Hamburg. Parallel dazu absolvierte sie berufsbegleitend einen LL.M.-Studiengang im Pharmarecht an der Philipps Universit\u00e4t Marburg und schrieb ihre Masterthesis \u00fcber die [&hellip;]<\/p>\n","protected":false},"author":8,"featured_media":0,"parent":39,"menu_order":13,"comment_status":"closed","ping_status":"closed","template":"page-teammember.php","meta":{"_acf_changed":false,"footnotes":""},"class_list":["post-782","page","type-page","status-publish","hentry"],"acf":[],"aioseo_notices":[],"_links":{"self":[{"href":"https:\/\/www.novacos-law.com\/de\/wp-json\/wp\/v2\/pages\/782","targetHints":{"allow":["GET"]}}],"collection":[{"href":"https:\/\/www.novacos-law.com\/de\/wp-json\/wp\/v2\/pages"}],"about":[{"href":"https:\/\/www.novacos-law.com\/de\/wp-json\/wp\/v2\/types\/page"}],"author":[{"embeddable":true,"href":"https:\/\/www.novacos-law.com\/de\/wp-json\/wp\/v2\/users\/8"}],"replies":[{"embeddable":true,"href":"https:\/\/www.novacos-law.com\/de\/wp-json\/wp\/v2\/comments?post=782"}],"version-history":[{"count":0,"href":"https:\/\/www.novacos-law.com\/de\/wp-json\/wp\/v2\/pages\/782\/revisions"}],"up":[{"embeddable":true,"href":"https:\/\/www.novacos-law.com\/de\/wp-json\/wp\/v2\/pages\/39"}],"wp:attachment":[{"href":"https:\/\/www.novacos-law.com\/de\/wp-json\/wp\/v2\/media?parent=782"}],"curies":[{"name":"wp","href":"https:\/\/api.w.org\/{rel}","templated":true}]}}