{"id":857,"date":"2024-10-30T16:31:59","date_gmt":"2024-10-30T15:31:59","guid":{"rendered":"https:\/\/www.novacos-law.com\/de\/?page_id=857"},"modified":"2024-10-30T16:54:21","modified_gmt":"2024-10-30T15:54:21","slug":"kathrin-leitges","status":"publish","type":"page","link":"https:\/\/www.novacos-law.com\/de\/wer-wir-sind\/kathrin-leitges\/","title":{"rendered":"Kathrin Leitges"},"content":{"rendered":"<p>Kathrin Leitges studierte Rechtswissenschaften an der Heinrich-Heine-Universit\u00e4t in D\u00fcsseldorf mit dem Schwerpunkt im Medizinrecht.<\/p>\n<p>Nach Abschluss der ersten juristischen Staatspr\u00fcfung begann Kathrin Leitges bereits im Dezember 2021 als wissenschaftliche Mitarbeiterin f\u00fcr NOVACOS zu arbeiten. Diese T\u00e4tigkeit setzte sie auch zu Beginn ihres Rechtsreferendariats am Landgericht D\u00fcsseldorf fort.<\/p>\n<p>Im Rahmen ihres Rechtsreferendariats absolvierte Kathrin Leitges eine Station bei der Europ\u00e4ischen Kommission in der Generaldirektion \u201eGesundheit und Lebensmittelsicherheit\u201c im Referat \u201eArzneimitteln Politik, Zulassung und \u00dcberwachung\u201c in Br\u00fcssel. Im Zuge ihrer weiteren Stationen arbeitete sie unter anderem im \u201eHealthcare, Life Sciences &amp; Chemicals\u201c Team der internationalen Wirtschaftskanzlei Clifford Chance in D\u00fcsseldorf sowie erneut bei NOVACOS.<\/p>\n<p>Seit Oktober 2024 ist Kathrin Leitges als Rechtsanw\u00e4ltin zugelassen und wieder Teil des NOVACOS-Teams.<\/p>\n","protected":false},"excerpt":{"rendered":"<p>Kathrin Leitges studierte Rechtswissenschaften an der Heinrich-Heine-Universit\u00e4t in D\u00fcsseldorf mit dem Schwerpunkt im Medizinrecht. Nach Abschluss der ersten juristischen Staatspr\u00fcfung begann Kathrin Leitges bereits im Dezember 2021 als wissenschaftliche Mitarbeiterin f\u00fcr NOVACOS zu arbeiten. Diese T\u00e4tigkeit setzte sie auch zu Beginn ihres Rechtsreferendariats am Landgericht D\u00fcsseldorf fort. Im Rahmen ihres Rechtsreferendariats absolvierte Kathrin Leitges eine [&hellip;]<\/p>\n","protected":false},"author":8,"featured_media":0,"parent":39,"menu_order":13,"comment_status":"closed","ping_status":"closed","template":"page-teammember.php","meta":{"_acf_changed":false,"footnotes":""},"class_list":["post-857","page","type-page","status-publish","hentry"],"acf":[],"aioseo_notices":[],"_links":{"self":[{"href":"https:\/\/www.novacos-law.com\/de\/wp-json\/wp\/v2\/pages\/857","targetHints":{"allow":["GET"]}}],"collection":[{"href":"https:\/\/www.novacos-law.com\/de\/wp-json\/wp\/v2\/pages"}],"about":[{"href":"https:\/\/www.novacos-law.com\/de\/wp-json\/wp\/v2\/types\/page"}],"author":[{"embeddable":true,"href":"https:\/\/www.novacos-law.com\/de\/wp-json\/wp\/v2\/users\/8"}],"replies":[{"embeddable":true,"href":"https:\/\/www.novacos-law.com\/de\/wp-json\/wp\/v2\/comments?post=857"}],"version-history":[{"count":0,"href":"https:\/\/www.novacos-law.com\/de\/wp-json\/wp\/v2\/pages\/857\/revisions"}],"up":[{"embeddable":true,"href":"https:\/\/www.novacos-law.com\/de\/wp-json\/wp\/v2\/pages\/39"}],"wp:attachment":[{"href":"https:\/\/www.novacos-law.com\/de\/wp-json\/wp\/v2\/media?parent=857"}],"curies":[{"name":"wp","href":"https:\/\/api.w.org\/{rel}","templated":true}]}}