{"id":860,"date":"2024-10-30T16:57:42","date_gmt":"2024-10-30T15:57:42","guid":{"rendered":"https:\/\/www.novacos-law.com\/de\/?page_id=860"},"modified":"2025-09-03T09:53:48","modified_gmt":"2025-09-03T07:53:48","slug":"dr-luis-kemter","status":"publish","type":"page","link":"https:\/\/www.novacos-law.com\/de\/wer-wir-sind\/dr-luis-kemter\/","title":{"rendered":"Dr. Luis Kemter"},"content":{"rendered":"<p>Dr. Luis Kemter studierte Rechtswissenschaften an der Rheinischen Friedrich-Wilhelms-Universit\u00e4t in Bonn.<\/p>\n<p>Nach dem ersten Staatsexamen promovierte er zu einer strafrechtlichen Thematik am Lehrstuhl von Herrn Prof. Dr. B\u00f6se. Promotionsbegleitend war er als wissenschaftlicher Mitarbeiter bei der internationalen Wirtschaftskanzlei Freshfields im Bereich \u201eData, Privacy and Cybersecurity\u201c t\u00e4tig. Dort besch\u00e4ftigte er sich u.a. mit dem Themenfeld Compliance sowie dem rechtm\u00e4\u00dfigen Einsatz von K\u00fcnstlicher Intelligenz.<\/p>\n<p>W\u00e4hrend seines Rechtsreferendariats am Landgericht M\u00f6nchengladbach arbeitete er als wissenschaftlicher Mitarbeiter in einer auf Medizinrecht spezialisierten Kanzlei. Seine Stationen absolvierte er u.a. bei der internationalen Wirtschaftskanzlei Clifford Chance in D\u00fcsseldorf und Madrid, wo er dem M&amp;A-Team angeh\u00f6rte.<\/p>\n<p>Dr. Luis Kemter ist Autor zahlreicher Fachver\u00f6ffentlichungen in den Bereichen des Straf- und Gesundheitsrechts.<\/p>\n<p>Seit Oktober 2024 ist er als Rechtsanwalt zugelassen und Teil des NOVACOS-Teams.<\/p>\n","protected":false},"excerpt":{"rendered":"<p>Dr. Luis Kemter studierte Rechtswissenschaften an der Rheinischen Friedrich-Wilhelms-Universit\u00e4t in Bonn. Nach dem ersten Staatsexamen promovierte er zu einer strafrechtlichen Thematik am Lehrstuhl von Herrn Prof. Dr. B\u00f6se. Promotionsbegleitend war er als wissenschaftlicher Mitarbeiter bei der internationalen Wirtschaftskanzlei Freshfields im Bereich \u201eData, Privacy and Cybersecurity\u201c t\u00e4tig. Dort besch\u00e4ftigte er sich u.a. mit dem Themenfeld Compliance [&hellip;]<\/p>\n","protected":false},"author":8,"featured_media":0,"parent":39,"menu_order":13,"comment_status":"closed","ping_status":"closed","template":"page-teammember.php","meta":{"_acf_changed":false,"footnotes":""},"class_list":["post-860","page","type-page","status-publish","hentry"],"acf":[],"aioseo_notices":[],"_links":{"self":[{"href":"https:\/\/www.novacos-law.com\/de\/wp-json\/wp\/v2\/pages\/860","targetHints":{"allow":["GET"]}}],"collection":[{"href":"https:\/\/www.novacos-law.com\/de\/wp-json\/wp\/v2\/pages"}],"about":[{"href":"https:\/\/www.novacos-law.com\/de\/wp-json\/wp\/v2\/types\/page"}],"author":[{"embeddable":true,"href":"https:\/\/www.novacos-law.com\/de\/wp-json\/wp\/v2\/users\/8"}],"replies":[{"embeddable":true,"href":"https:\/\/www.novacos-law.com\/de\/wp-json\/wp\/v2\/comments?post=860"}],"version-history":[{"count":0,"href":"https:\/\/www.novacos-law.com\/de\/wp-json\/wp\/v2\/pages\/860\/revisions"}],"up":[{"embeddable":true,"href":"https:\/\/www.novacos-law.com\/de\/wp-json\/wp\/v2\/pages\/39"}],"wp:attachment":[{"href":"https:\/\/www.novacos-law.com\/de\/wp-json\/wp\/v2\/media?parent=860"}],"curies":[{"name":"wp","href":"https:\/\/api.w.org\/{rel}","templated":true}]}}