{"id":928,"date":"2026-02-18T15:48:32","date_gmt":"2026-02-18T14:48:32","guid":{"rendered":"https:\/\/www.novacos-law.com\/de\/?page_id=928"},"modified":"2026-02-18T15:54:08","modified_gmt":"2026-02-18T14:54:08","slug":"antonio-chaves","status":"publish","type":"page","link":"https:\/\/www.novacos-law.com\/de\/wer-wir-sind\/antonio-chaves\/","title":{"rendered":"Antonio Chaves"},"content":{"rendered":"<p>Antonio Chaves studierte Rechtswissenschaften an der Universit\u00e4t Greifswald.<\/p>\n<p>Nach dem ersten Staatsexamen arbeitete er als wissenschaftlicher Mitarbeiter an den Lehrst\u00fchlen von Herrn. Prof. Dr. Heinrich Lang (Lehrstuhl f\u00fcr \u00d6ffentliches Recht, Gesundheits- und Sozialrecht) und Frau Prof. Dr. Sigrid Lorz (Lehrstuhl f\u00fcr B\u00fcrgerliches Recht, Zivilprozessrecht und Medizinrecht). Dort besch\u00e4ftigte er sich u.a. mit dem Themenfeld Recht der gesetzlichen Krankenversicherung (SGB V).<\/p>\n<p>W\u00e4hrend seines Rechtsreferendariats am Kammergericht Berlin arbeitete er als wissenschaftlicher Mitarbeiter in einer auf das Pharmarecht spezialisierten Kanzlei. Seine Stationen absolvierte er u.a. bei dieser Kanzlei, wo er den Bereichen des Pharmarechts und des Rechts der Digitalisierung im Gesundheitswesen inklusive Digitaler Gesundheitsanwendungen (DiGA) angeh\u00f6rte, dem Bundesministerium f\u00fcr Gesundheit und einem internationalen Pharmakonzern in der globalen Rechtsabteilung.<\/p>\n<p>Antonio Chaves hat regelm\u00e4\u00dfig Lehrauftr\u00e4ge an der Universit\u00e4tsmedizin Greifswald.<\/p>\n<p>Seit Januar 2026 ist er als Rechtsanwalt zugelassen und Teil des NOVACOS-Teams.<\/p>\n","protected":false},"excerpt":{"rendered":"<p>Antonio Chaves studierte Rechtswissenschaften an der Universit\u00e4t Greifswald. Nach dem ersten Staatsexamen arbeitete er als wissenschaftlicher Mitarbeiter an den Lehrst\u00fchlen von Herrn. Prof. Dr. Heinrich Lang (Lehrstuhl f\u00fcr \u00d6ffentliches Recht, Gesundheits- und Sozialrecht) und Frau Prof. Dr. Sigrid Lorz (Lehrstuhl f\u00fcr B\u00fcrgerliches Recht, Zivilprozessrecht und Medizinrecht). Dort besch\u00e4ftigte er sich u.a. mit dem Themenfeld Recht [&hellip;]<\/p>\n","protected":false},"author":8,"featured_media":0,"parent":39,"menu_order":14,"comment_status":"closed","ping_status":"closed","template":"page-teammember.php","meta":{"_acf_changed":false,"footnotes":""},"class_list":["post-928","page","type-page","status-publish","hentry"],"acf":[],"aioseo_notices":[],"_links":{"self":[{"href":"https:\/\/www.novacos-law.com\/de\/wp-json\/wp\/v2\/pages\/928","targetHints":{"allow":["GET"]}}],"collection":[{"href":"https:\/\/www.novacos-law.com\/de\/wp-json\/wp\/v2\/pages"}],"about":[{"href":"https:\/\/www.novacos-law.com\/de\/wp-json\/wp\/v2\/types\/page"}],"author":[{"embeddable":true,"href":"https:\/\/www.novacos-law.com\/de\/wp-json\/wp\/v2\/users\/8"}],"replies":[{"embeddable":true,"href":"https:\/\/www.novacos-law.com\/de\/wp-json\/wp\/v2\/comments?post=928"}],"version-history":[{"count":0,"href":"https:\/\/www.novacos-law.com\/de\/wp-json\/wp\/v2\/pages\/928\/revisions"}],"up":[{"embeddable":true,"href":"https:\/\/www.novacos-law.com\/de\/wp-json\/wp\/v2\/pages\/39"}],"wp:attachment":[{"href":"https:\/\/www.novacos-law.com\/de\/wp-json\/wp\/v2\/media?parent=928"}],"curies":[{"name":"wp","href":"https:\/\/api.w.org\/{rel}","templated":true}]}}